{"id":1867,"date":"2020-03-09T15:34:17","date_gmt":"2020-03-09T15:34:18","guid":{"rendered":"http:\/\/solgi.webtosell.es\/?post_type=product&#038;p=1867"},"modified":"2021-01-04T09:01:40","modified_gmt":"2021-01-04T09:01:40","slug":"acucar-invertido","status":"publish","type":"product","link":"https:\/\/solgi.com\/pt-br\/produto\/acucar-invertido\/","title":{"rendered":"A\u00e7\u00facar invertido"},"content":{"rendered":"<h3>Presenta\u00e7\u00e3o<\/h3>\n<p>Cubo 7 kg.<\/p>\n<h3>Informa\u00e7\u00e3o nutricional<\/h3>\n<p>(Com base em 100 gr.) \n<table id=\"tablepress-229\" class=\"tablepress tablepress-id-229\">\n<tbody>\n<tr class=\"row-1 odd\">\n\t<td class=\"column-1\">Poder<\/td><td class=\"column-2\">288 kcal<\/td>\n<\/tr>\n<tr class=\"row-2 even\">\n\t<td class=\"column-1\">Graxas <\/td><td class=\"column-2\">0 g<\/td>\n<\/tr>\n<tr class=\"row-3 odd\">\n\t<td class=\"column-1\">A\u00e7\u00facares<\/td><td class=\"column-2\">72 g<\/td>\n<\/tr>\n<tr class=\"row-4 even\">\n\t<td class=\"column-1\">Proteina<\/td><td class=\"column-2\">0 g<\/td>\n<\/tr>\n<tr class=\"row-5 odd\">\n\t<td class=\"column-1\">Fibra<\/td><td class=\"column-2\">0 g<\/td>\n<\/tr>\n<tr class=\"row-6 even\">\n\t<td class=\"column-1\">Sal <\/td><td class=\"column-2\">0 g<\/td>\n<\/tr>\n<\/tbody>\n<\/table>\n<!-- #tablepress-229 from cache --> \u00a0<\/p>\n","protected":false},"excerpt":{"rendered":"<p>A\u00e7\u00facar invertido<\/p>\n<h6>\u00a0<\/h6>\n","protected":false},"featured_media":1875,"template":"","meta":[],"product_cat":[99],"product_tag":[],"_links":{"self":[{"href":"https:\/\/solgi.com\/pt-br\/wp-json\/wp\/v2\/product\/1867"}],"collection":[{"href":"https:\/\/solgi.com\/pt-br\/wp-json\/wp\/v2\/product"}],"about":[{"href":"https:\/\/solgi.com\/pt-br\/wp-json\/wp\/v2\/types\/product"}],"wp:featuredmedia":[{"embeddable":true,"href":"https:\/\/solgi.com\/pt-br\/wp-json\/wp\/v2\/media\/1875"}],"wp:attachment":[{"href":"https:\/\/solgi.com\/pt-br\/wp-json\/wp\/v2\/media?parent=1867"}],"wp:term":[{"taxonomy":"product_cat","embeddable":true,"href":"https:\/\/solgi.com\/pt-br\/wp-json\/wp\/v2\/product_cat?post=1867"},{"taxonomy":"product_tag","embeddable":true,"href":"https:\/\/solgi.com\/pt-br\/wp-json\/wp\/v2\/product_tag?post=1867"}],"curies":[{"name":"wp","href":"https:\/\/api.w.org\/{rel}","templated":true}]}}