{"id":1969,"date":"2020-03-10T08:49:22","date_gmt":"2020-03-10T08:49:22","guid":{"rendered":"http:\/\/solgi.webtosell.es\/?post_type=product&#038;p=1969"},"modified":"2021-01-04T09:06:35","modified_gmt":"2021-01-04T09:06:35","slug":"doce-seco-de-abobora","status":"publish","type":"product","link":"https:\/\/solgi.com\/pt-br\/produto\/doce-seco-de-abobora\/","title":{"rendered":"Doce seco de ab\u00f3bora"},"content":{"rendered":"<h3>Recomenda\u00e7\u00f5es para o uso<\/h3>\n<p>Recomendamos o uso das B.P.H e das B.P.F obrigatorias para todos os alimentos em geral.<\/p>\n<h3>Condi\u00e7\u00f5es de almazenar i distribui\u00e7\u00e3o<\/h3>\n<p>Recomendamos usar lugares limpios, frescos e secos, evitando mudan\u00e7as bruscas de temperatura i humedade.<\/p>\n<h3>Presenta\u00e7\u00e3o<\/h3>\n<p>Doce seco de ab\u00f3bora picado em balde de 7 o 14 kg. Todo o demais em caixa de 2,5 kg.<\/p>\n<h3>Informa\u00e7\u00e3o nutricional<\/h3>\n<p>(Com base em 100 gr.) \n<table id=\"tablepress-161\" class=\"tablepress tablepress-id-161\">\n<tbody>\n<tr class=\"row-1 odd\">\n\t<td class=\"column-1\">Poder<\/td><td class=\"column-2\">333 kcal<br \/>\n<\/td>\n<\/tr>\n<tr class=\"row-2 even\">\n\t<td class=\"column-1\">Graxas<\/td><td class=\"column-2\">< 0.50 g<\/td>\n<\/tr>\n<tr class=\"row-3 odd\">\n\t<td class=\"column-1\">Gorduras Sat<\/td><td class=\"column-2\">0 g<\/td>\n<\/tr>\n<tr class=\"row-4 even\">\n\t<td class=\"column-1\">A\u00e7\u00facares<\/td><td class=\"column-2\">41,5 g<\/td>\n<\/tr>\n<tr class=\"row-5 odd\">\n\t<td class=\"column-1\">Prote\u00edna<\/td><td class=\"column-2\">0,6 g<\/td>\n<\/tr>\n<tr class=\"row-6 even\">\n\t<td class=\"column-1\">Fibra<\/td><td class=\"column-2\">6,5 g<\/td>\n<\/tr>\n<tr class=\"row-7 odd\">\n\t<td class=\"column-1\">Sal<\/td><td class=\"column-2\">0 g<\/td>\n<\/tr>\n<\/tbody>\n<\/table>\n<!-- #tablepress-161 from cache --><\/p>\n","protected":false},"excerpt":{"rendered":"<p>Doce seco de ab\u00f3bora em barras, l\u00e2minas i tacos confeitado o gla\u00e7eado. Cores blanco, vermelho e verde.<\/p>\n","protected":false},"featured_media":3615,"template":"","meta":[],"product_cat":[115],"product_tag":[],"_links":{"self":[{"href":"https:\/\/solgi.com\/pt-br\/wp-json\/wp\/v2\/product\/1969"}],"collection":[{"href":"https:\/\/solgi.com\/pt-br\/wp-json\/wp\/v2\/product"}],"about":[{"href":"https:\/\/solgi.com\/pt-br\/wp-json\/wp\/v2\/types\/product"}],"wp:featuredmedia":[{"embeddable":true,"href":"https:\/\/solgi.com\/pt-br\/wp-json\/wp\/v2\/media\/3615"}],"wp:attachment":[{"href":"https:\/\/solgi.com\/pt-br\/wp-json\/wp\/v2\/media?parent=1969"}],"wp:term":[{"taxonomy":"product_cat","embeddable":true,"href":"https:\/\/solgi.com\/pt-br\/wp-json\/wp\/v2\/product_cat?post=1969"},{"taxonomy":"product_tag","embeddable":true,"href":"https:\/\/solgi.com\/pt-br\/wp-json\/wp\/v2\/product_tag?post=1969"}],"curies":[{"name":"wp","href":"https:\/\/api.w.org\/{rel}","templated":true}]}}