{"id":2047,"date":"2020-03-10T10:53:32","date_gmt":"2020-03-10T10:53:33","guid":{"rendered":"http:\/\/solgi.webtosell.es\/?post_type=product&#038;p=2047"},"modified":"2021-01-04T09:14:55","modified_gmt":"2021-01-04T09:14:55","slug":"cereja","status":"publish","type":"product","link":"https:\/\/solgi.com\/pt-br\/produto\/cereja\/","title":{"rendered":"Cereja"},"content":{"rendered":"<h3>Recomenda\u00e7\u00f5es para o uso<\/h3>\n<p>Recomendamos o uso das B.P.H e das B.P.F obrigatorias para todos os alimentos em geral.<\/p>\n<h3>Condi\u00e7\u00f5es de almazenar i distribui\u00e7\u00e3o<\/h3>\n<p>Recomendamos usar lugares limpios, frescos e secos, evitando mudan\u00e7as bruscas de temperatura i humedade.<\/p>\n<h3>Presenta\u00e7\u00e3o<\/h3>\n<p>Caixa de 2,5 kg Caixa de 6 baldes (unidades de 1,2 kg)<\/p>\n<h3>Informa\u00e7\u00e3o nutricional<\/h3>\n<p>(Com base em 100 gr.) \n<table id=\"tablepress-169\" class=\"tablepress tablepress-id-169\">\n<tbody>\n<tr class=\"row-1 odd\">\n\t<td class=\"column-1\">Poder<\/td><td class=\"column-2\">\t289 kcal<\/td>\n<\/tr>\n<tr class=\"row-2 even\">\n\t<td class=\"column-1\">Graxas<\/td><td class=\"column-2\">< 0.1 g<\/td>\n<\/tr>\n<tr class=\"row-3 odd\">\n\t<td class=\"column-1\">Gorduras Sat<\/td><td class=\"column-2\">\t< 0.01 g<\/td>\n<\/tr>\n<tr class=\"row-4 even\">\n\t<td class=\"column-1\">Prote\u00edna<\/td><td class=\"column-2\">0.2 g<\/td>\n<\/tr>\n<tr class=\"row-5 odd\">\n\t<td class=\"column-1\">A\u00e7\u00facares<\/td><td class=\"column-2\">47.8 g<\/td>\n<\/tr>\n<tr class=\"row-6 even\">\n\t<td class=\"column-1\">Sal<\/td><td class=\"column-2\">< 0.1 g<\/td>\n<\/tr>\n<\/tbody>\n<\/table>\n<!-- #tablepress-169 from cache --><\/p>\n","protected":false},"excerpt":{"rendered":"<p>Cereja nacional confeitada por encima do<\/p>\n<p>(70\u00b12)\u00baBrix. Nossa cereja tem um tono de color vermelho vivo intenso que da um toque de distin\u00e7ao em qualquer de seus produtos elaborados.<\/p>\n","protected":false},"featured_media":2055,"template":"","meta":[],"product_cat":[115],"product_tag":[],"_links":{"self":[{"href":"https:\/\/solgi.com\/pt-br\/wp-json\/wp\/v2\/product\/2047"}],"collection":[{"href":"https:\/\/solgi.com\/pt-br\/wp-json\/wp\/v2\/product"}],"about":[{"href":"https:\/\/solgi.com\/pt-br\/wp-json\/wp\/v2\/types\/product"}],"wp:featuredmedia":[{"embeddable":true,"href":"https:\/\/solgi.com\/pt-br\/wp-json\/wp\/v2\/media\/2055"}],"wp:attachment":[{"href":"https:\/\/solgi.com\/pt-br\/wp-json\/wp\/v2\/media?parent=2047"}],"wp:term":[{"taxonomy":"product_cat","embeddable":true,"href":"https:\/\/solgi.com\/pt-br\/wp-json\/wp\/v2\/product_cat?post=2047"},{"taxonomy":"product_tag","embeddable":true,"href":"https:\/\/solgi.com\/pt-br\/wp-json\/wp\/v2\/product_tag?post=2047"}],"curies":[{"name":"wp","href":"https:\/\/api.w.org\/{rel}","templated":true}]}}