{"id":2183,"date":"2020-03-10T12:40:01","date_gmt":"2020-03-10T12:40:03","guid":{"rendered":"http:\/\/solgi.webtosell.es\/?post_type=product&#038;p=2183"},"modified":"2021-01-04T09:23:45","modified_gmt":"2021-01-04T09:23:45","slug":"vegetal-combinada","status":"publish","type":"product","link":"https:\/\/solgi.com\/pt-br\/produto\/vegetal-combinada\/","title":{"rendered":"Vegetal combinada"},"content":{"rendered":"<h3>Vantagens e Recomenda\u00e7\u00f5es de Uso<\/h3>\n<ul>\n<li>Destinado \u00e0 popula\u00e7\u00e3o em geral. Adequado para cel\u00edacos.<\/li>\n<li>Pronto para consumo Aque\u00e7a e v\u00e1.<\/li>\n<li>Condi\u00e7\u00f5es ap\u00f3s a abertura.<\/li>\n<li>Temperatura de armazenamento.<\/li>\n<li>Refrigera\u00e7\u00e3o 4 &#8211; 8 \u00baC.<\/li>\n<li>Despeje o conte\u00fado em um recipiente n\u00e3o met\u00e1lico para manter na geladeira.<\/li>\n<\/ul>\n<h3>Presenta\u00e7\u00e3o<\/h3>\n<div class=\"container-fluid no-padding \">\n<div id=\"contenedorArticuloDetalle\" class=\"container\">\n<div class=\"col-xs-12 col-sm-6\">\n<div class=\"container-fluid no-padding \">\n<div id=\"contenedorArticuloDetalle\" class=\"container\">\n<div class=\"col-xs-12 col-sm-6\">\n<p style=\"font-weight: 400;\">Latas de 4,2 kg<\/p>\n<\/div>\n<\/div>\n<\/div>\n<\/div>\n<\/div>\n<\/div>\n<h3>Informa\u00e7\u00e3o nutricional<\/h3>\n<p>(Com base em 100 gr.) \u00a0<\/p>\n\n<table id=\"tablepress-260\" class=\"tablepress tablepress-id-260\">\n<tbody>\n<tr class=\"row-1 odd\">\n\t<td class=\"column-1\">Poder<\/td><td class=\"column-2\">65.73 kcal<\/td>\n<\/tr>\n<tr class=\"row-2 even\">\n\t<td class=\"column-1\">Prote\u00edna<\/td><td class=\"column-2\">1.94 g<\/td>\n<\/tr>\n<tr class=\"row-3 odd\">\n\t<td class=\"column-1\">Graxas<\/td><td class=\"column-2\">2.45 g<\/td>\n<\/tr>\n<tr class=\"row-4 even\">\n\t<td class=\"column-1\">Gorduras Sat <\/td><td class=\"column-2\">0.55 g<\/td>\n<\/tr>\n<tr class=\"row-5 odd\">\n\t<td class=\"column-1\">A\u00e7\u00facares<\/td><td class=\"column-2\">6.59 g<\/td>\n<\/tr>\n<tr class=\"row-6 even\">\n\t<td class=\"column-1\">Fibra<\/td><td class=\"column-2\">2.19 g<\/td>\n<\/tr>\n<tr class=\"row-7 odd\">\n\t<td class=\"column-1\">Sal<\/td><td class=\"column-2\">0.74 g<\/td>\n<\/tr>\n<\/tbody>\n<\/table>\n<!-- #tablepress-260 from cache -->\n","protected":false},"excerpt":{"rendered":"<div class=\"container-fluid no-padding \">\n<div id=\"contenedorArticuloDetalle\" class=\"container\">\n<h3 class=\"col-xs-12 col-sm-6\">Utiliza\u00e7ao<\/h3>\n<p style=\"font-weight: 400;\">\u00c9 uma fritada de diferentes vegetais (tomate, berinjela, abobrinha, cebola e pimenta que \u00e9 usada para todos os tipos de bolinhos.<\/p>\n<\/div>\n<\/div>\n","protected":false},"featured_media":2187,"template":"","meta":[],"product_cat":[110],"product_tag":[],"_links":{"self":[{"href":"https:\/\/solgi.com\/pt-br\/wp-json\/wp\/v2\/product\/2183"}],"collection":[{"href":"https:\/\/solgi.com\/pt-br\/wp-json\/wp\/v2\/product"}],"about":[{"href":"https:\/\/solgi.com\/pt-br\/wp-json\/wp\/v2\/types\/product"}],"wp:featuredmedia":[{"embeddable":true,"href":"https:\/\/solgi.com\/pt-br\/wp-json\/wp\/v2\/media\/2187"}],"wp:attachment":[{"href":"https:\/\/solgi.com\/pt-br\/wp-json\/wp\/v2\/media?parent=2183"}],"wp:term":[{"taxonomy":"product_cat","embeddable":true,"href":"https:\/\/solgi.com\/pt-br\/wp-json\/wp\/v2\/product_cat?post=2183"},{"taxonomy":"product_tag","embeddable":true,"href":"https:\/\/solgi.com\/pt-br\/wp-json\/wp\/v2\/product_tag?post=2183"}],"curies":[{"name":"wp","href":"https:\/\/api.w.org\/{rel}","templated":true}]}}