{"id":2199,"date":"2020-03-10T14:09:26","date_gmt":"2020-03-10T14:09:27","guid":{"rendered":"http:\/\/solgi.webtosell.es\/?post_type=product&#038;p=2199"},"modified":"2021-01-04T08:53:46","modified_gmt":"2021-01-04T08:53:46","slug":"frito-de-tomate-i-pimientao-topi","status":"publish","type":"product","link":"https:\/\/solgi.com\/pt-br\/produto\/frito-de-tomate-i-pimientao-topi\/","title":{"rendered":"Frito de Tomate i Pimientao (TOPI)"},"content":{"rendered":"<h3>Recomenda\u00e7\u00f5es para o uso<\/h3>\n<div class=\"container-fluid no-padding \">\n<div id=\"contenedorArticuloDetalle\" class=\"container\">\n<div class=\"col-xs-12 col-sm-6\">Uma vez aberto o envase, retire a quantidade a ser consumida no processo de fabrica\u00e7\u00e3o. O restante deve ser coberta com papel manteiga e manter refrigerado. Recomendamos o uso das B.P.H i das B.P.F obrigatorias com os alimentos em geral.<\/div>\n<\/div>\n<\/div>\n<h3>Condi\u00e7\u00f5es de almazenar i distribui\u00e7\u00e3o<\/h3>\n<p>Recomendamos usar lugares limpios, frescos e secos, evitando mudan\u00e7as bruscas de temperatura i humedade.<\/p>\n<h3>Presenta\u00e7\u00e3o<\/h3>\n<div class=\"container-fluid no-padding \">\n<div id=\"contenedorArticuloDetalle\" class=\"container\">\n<div class=\"col-xs-12 col-sm-6\">\n<div class=\"container-fluid no-padding \">\n<div id=\"contenedorArticuloDetalle\" class=\"container\">\n<div class=\"col-xs-12 col-sm-6\">Caixa de 6 latas de 2,6 kg.<\/div>\n<\/div>\n<\/div>\n<\/div>\n<\/div>\n<\/div>\n<h3>Informa\u00e7\u00e3o nutricional<\/h3>\n<p>(Com base em 100 gr.) \n<table id=\"tablepress-79\" class=\"tablepress tablepress-id-79\">\n<tbody>\n<tr class=\"row-1 odd\">\n\t<td class=\"column-1\">Poder<\/td><td class=\"column-2\">\t85 kcal<\/td>\n<\/tr>\n<tr class=\"row-2 even\">\n\t<td class=\"column-1\">Graxas<\/td><td class=\"column-2\">3.5 g<\/td>\n<\/tr>\n<tr class=\"row-3 odd\">\n\t<td class=\"column-1\">Gorduras Sat<\/td><td class=\"column-2\">\t0.6 g<\/td>\n<\/tr>\n<tr class=\"row-4 even\">\n\t<td class=\"column-1\">Prote\u00edna<\/td><td class=\"column-2\">\t1.4 g<\/td>\n<\/tr>\n<tr class=\"row-5 odd\">\n\t<td class=\"column-1\">A\u00e7\u00facares<\/td><td class=\"column-2\">10.1 g<br \/>\n<\/td>\n<\/tr>\n<tr class=\"row-6 even\">\n\t<td class=\"column-1\">Sal<\/td><td class=\"column-2\">\t1.7 g<\/td>\n<\/tr>\n<\/tbody>\n<\/table>\n<!-- #tablepress-79 from cache --><\/p>\n","protected":false},"excerpt":{"rendered":"<p>Cada um de nossos produtos derivados se obt\u00e9m de verduras de grande qualidade, maduras, limpias e saud\u00e1vel.<br \/>\nDe uma sele\u00e7\u00e3o de provedores, temos ums produtos de primera linha procedendo posteriormente a sua mistura, cozinamento, texturiza\u00e7\u00e3o e posterior embalado.<\/p>\n","protected":false},"featured_media":2207,"template":"","meta":[],"product_cat":[110],"product_tag":[],"_links":{"self":[{"href":"https:\/\/solgi.com\/pt-br\/wp-json\/wp\/v2\/product\/2199"}],"collection":[{"href":"https:\/\/solgi.com\/pt-br\/wp-json\/wp\/v2\/product"}],"about":[{"href":"https:\/\/solgi.com\/pt-br\/wp-json\/wp\/v2\/types\/product"}],"wp:featuredmedia":[{"embeddable":true,"href":"https:\/\/solgi.com\/pt-br\/wp-json\/wp\/v2\/media\/2207"}],"wp:attachment":[{"href":"https:\/\/solgi.com\/pt-br\/wp-json\/wp\/v2\/media?parent=2199"}],"wp:term":[{"taxonomy":"product_cat","embeddable":true,"href":"https:\/\/solgi.com\/pt-br\/wp-json\/wp\/v2\/product_cat?post=2199"},{"taxonomy":"product_tag","embeddable":true,"href":"https:\/\/solgi.com\/pt-br\/wp-json\/wp\/v2\/product_tag?post=2199"}],"curies":[{"name":"wp","href":"https:\/\/api.w.org\/{rel}","templated":true}]}}