{"id":3423,"date":"2020-11-06T09:04:31","date_gmt":"2020-11-06T09:04:32","guid":{"rendered":"http:\/\/solgi.webtosell.es\/?post_type=product&#038;p=3423"},"modified":"2021-01-04T08:57:48","modified_gmt":"2021-01-04T08:57:48","slug":"gel-de-doce","status":"publish","type":"product","link":"https:\/\/solgi.com\/pt-br\/produto\/gel-de-doce\/","title":{"rendered":"Gel de Doce"},"content":{"rendered":"<h3>Recomenda\u00e7\u00f5es para o uso<\/h3>\n<p>Aplica\u00e7\u00e3o a frio: \u00e9 aplicado diretamente sobre frutas frescas ou congeladas ou sobre qualquer superf\u00edcie. Voc\u00ea pode fazer isso com uma escova ou pistola de pulveriza\u00e7\u00e3o.O gel de caramelo para pastelaria \u00e9 ideal para todos os tipos de recheios, purpurina, mistura com cores e decora\u00e7\u00e3o de pastelaria em geral. \u00c9 vers\u00e1til tanto no estado puro quanto dilu\u00eddo em \u00e1gua.<\/p>\n<h3>Presenta\u00e7\u00e3o<\/h3>\n<p>Balde de 6,5 kg<\/p>\n<h3>Informa\u00e7\u00e3o nutricional<\/h3>\n<p>(Com base em 100 gr.) \n<table id=\"tablepress-256\" class=\"tablepress tablepress-id-256\">\n<tbody>\n<tr class=\"row-1 odd\">\n\t<td class=\"column-1\">Poder<\/td><td class=\"column-2\">292 Kcal<\/td>\n<\/tr>\n<tr class=\"row-2 even\">\n\t<td class=\"column-1\">Graxas<\/td><td class=\"column-2\"><1,0 g<br \/>\n<br \/>\n<\/td>\n<\/tr>\n<tr class=\"row-3 odd\">\n\t<td class=\"column-1\">Gorduras Sat<\/td><td class=\"column-2\"><0,02 g<\/td>\n<\/tr>\n<tr class=\"row-4 even\">\n\t<td class=\"column-1\">Prote\u00edna<\/td><td class=\"column-2\"><1,0 g<\/td>\n<\/tr>\n<tr class=\"row-5 odd\">\n\t<td class=\"column-1\">A\u00e7\u00facares Totais<\/td><td class=\"column-2\">39,7 g<\/td>\n<\/tr>\n<tr class=\"row-6 even\">\n\t<td class=\"column-1\">Fibra<\/td><td class=\"column-2\">2,3 g<br \/>\n<br \/>\n<\/td>\n<\/tr>\n<tr class=\"row-7 odd\">\n\t<td class=\"column-1\">Sal<\/td><td class=\"column-2\">0,05 g<\/td>\n<\/tr>\n<\/tbody>\n<\/table>\n<!-- #tablepress-256 from cache --><\/p>\n","protected":false},"excerpt":{"rendered":"<h3>Utiliza\u00e7\u00e3o<\/h3>\n<p>O gel de caramelo \u00e9 feito de glicose e a\u00e7\u00facar com aroma de caramelo para obter um produto com sabor intenso de caramelo, que pode ser aplicado quente ou frio.<\/p>\n<h3>Ventagens<\/h3>\n<p>Por se tratar de um produto elaborado com os mais r\u00edgidos requisitos sanit\u00e1rios e com as mesmas mat\u00e9rias-primas utilizadas nas pastelarias e com a vantagem de estar pronto a utilizar, evitamos perturbar o processo de produ\u00e7\u00e3o, riscos de contamina\u00e7\u00e3o etc. Tenha certeza de que est\u00e1 trabalhando com um produto que cumpre todos os regulamentos de qualidade. Armazenar em local fresco e seco.<\/p>\n","protected":false},"featured_media":3431,"template":"","meta":[],"product_cat":[91],"product_tag":[],"_links":{"self":[{"href":"https:\/\/solgi.com\/pt-br\/wp-json\/wp\/v2\/product\/3423"}],"collection":[{"href":"https:\/\/solgi.com\/pt-br\/wp-json\/wp\/v2\/product"}],"about":[{"href":"https:\/\/solgi.com\/pt-br\/wp-json\/wp\/v2\/types\/product"}],"wp:featuredmedia":[{"embeddable":true,"href":"https:\/\/solgi.com\/pt-br\/wp-json\/wp\/v2\/media\/3431"}],"wp:attachment":[{"href":"https:\/\/solgi.com\/pt-br\/wp-json\/wp\/v2\/media?parent=3423"}],"wp:term":[{"taxonomy":"product_cat","embeddable":true,"href":"https:\/\/solgi.com\/pt-br\/wp-json\/wp\/v2\/product_cat?post=3423"},{"taxonomy":"product_tag","embeddable":true,"href":"https:\/\/solgi.com\/pt-br\/wp-json\/wp\/v2\/product_tag?post=3423"}],"curies":[{"name":"wp","href":"https:\/\/api.w.org\/{rel}","templated":true}]}}