{"id":3463,"date":"2020-11-06T12:34:38","date_gmt":"2020-11-06T12:34:38","guid":{"rendered":"http:\/\/solgi.webtosell.es\/?post_type=product&#038;p=3463"},"modified":"2021-01-04T09:00:30","modified_gmt":"2021-01-04T09:00:30","slug":"creme-de-leite","status":"publish","type":"product","link":"https:\/\/solgi.com\/pt-br\/produto\/creme-de-leite\/","title":{"rendered":"Creme de Leite"},"content":{"rendered":"<h3>Presenta\u00e7\u00e3o<\/h3>\n<p>Balde de 6 kg.<\/p>\n<h3>Informa\u00e7\u00e3o nutricional<\/h3>\n<p>(Com base em 100 gr.) \n<table id=\"tablepress-254\" class=\"tablepress tablepress-id-254\">\n<tbody>\n<tr class=\"row-1 odd\">\n\t<td class=\"column-1\">Poder<\/td><td class=\"column-2\">149 Kcal<\/td>\n<\/tr>\n<tr class=\"row-2 even\">\n\t<td class=\"column-1\">Graxas<\/td><td class=\"column-2\">3,6 g<br \/>\n<br \/>\n<\/td>\n<\/tr>\n<tr class=\"row-3 odd\">\n\t<td class=\"column-1\">Gorduras Sat<\/td><td class=\"column-2\">2,2 g<\/td>\n<\/tr>\n<tr class=\"row-4 even\">\n\t<td class=\"column-1\">Prote\u00edna<\/td><td class=\"column-2\">3,2 g<\/td>\n<\/tr>\n<tr class=\"row-5 odd\">\n\t<td class=\"column-1\">A\u00e7\u00facares<\/td><td class=\"column-2\">15,5 g<\/td>\n<\/tr>\n<tr class=\"row-6 even\">\n\t<td class=\"column-1\">Fibra<\/td><td class=\"column-2\"><1 g<br \/>\n<br \/>\n<\/td>\n<\/tr>\n<tr class=\"row-7 odd\">\n\t<td class=\"column-1\">Sal<\/td><td class=\"column-2\">0,176 g<\/td>\n<\/tr>\n<\/tbody>\n<\/table>\n<!-- #tablepress-254 from cache --><\/p>\n","protected":false},"excerpt":{"rendered":"<h3>Utiliza\u00e7\u00e3o<\/h3>\n<p>Esta \u00e9 uma das maiores contribui\u00e7\u00f5es da Solgi para este mercado.<\/p>\n<p>Um creme de leite fresco com um pouquinho de ovo de a\u00e7\u00facar (o creme tradicional). Isso \u00e9 mantido em temperatura ambiente. Creme de leite em p\u00f3 integral<\/p>\n","protected":false},"featured_media":3564,"template":"","meta":[],"product_cat":[95],"product_tag":[],"_links":{"self":[{"href":"https:\/\/solgi.com\/pt-br\/wp-json\/wp\/v2\/product\/3463"}],"collection":[{"href":"https:\/\/solgi.com\/pt-br\/wp-json\/wp\/v2\/product"}],"about":[{"href":"https:\/\/solgi.com\/pt-br\/wp-json\/wp\/v2\/types\/product"}],"wp:featuredmedia":[{"embeddable":true,"href":"https:\/\/solgi.com\/pt-br\/wp-json\/wp\/v2\/media\/3564"}],"wp:attachment":[{"href":"https:\/\/solgi.com\/pt-br\/wp-json\/wp\/v2\/media?parent=3463"}],"wp:term":[{"taxonomy":"product_cat","embeddable":true,"href":"https:\/\/solgi.com\/pt-br\/wp-json\/wp\/v2\/product_cat?post=3463"},{"taxonomy":"product_tag","embeddable":true,"href":"https:\/\/solgi.com\/pt-br\/wp-json\/wp\/v2\/product_tag?post=3463"}],"curies":[{"name":"wp","href":"https:\/\/api.w.org\/{rel}","templated":true}]}}