{"id":3520,"date":"2020-12-18T08:19:56","date_gmt":"2020-12-18T08:19:56","guid":{"rendered":"http:\/\/solgi.webtosell.es\/?post_type=product&#038;p=3520"},"modified":"2021-01-04T08:38:30","modified_gmt":"2021-01-04T08:38:30","slug":"acucar-fondant","status":"publish","type":"product","link":"https:\/\/solgi.com\/pt-br\/produto\/acucar-fondant\/","title":{"rendered":"Fondant de A\u00e7\u00facar"},"content":{"rendered":"<h3>Recomenda\u00e7\u00f5es para o uso<\/h3>\n<p>Embora o fondant de a\u00e7\u00facar seja conhecido h\u00e1 s\u00e9culos, ele se tornou moda nos \u00faltimos anos gra\u00e7as ao gosto crescente pela criativa pastelaria anglo-sax\u00f4nica. Gra\u00e7as a esta pasta a\u00e7ucarada, cupcakes, biscoitos e bolos podem apresentar decora\u00e7\u00f5es espetaculares que de outra forma seriam dif\u00edceis de conseguir.<u><\/u><u><\/u><\/p>\n<h3>Presenta\u00e7\u00e3o<\/h3>\n<p>Baldes de 8 kg<u><\/u><u><\/u><\/p>\n<h3>Informa\u00e7\u00e3o nutricional<\/h3>\n<p>(Com base em 100 gr.) \n<table id=\"tablepress-262\" class=\"tablepress tablepress-id-262\">\n<tbody>\n<tr class=\"row-1 odd\">\n\t<td class=\"column-1\">Poder<\/td><td class=\"column-2\">354 Kcal<\/td>\n<\/tr>\n<tr class=\"row-2 even\">\n\t<td class=\"column-1\">Graxas<\/td><td class=\"column-2\">0 g<br \/>\n<br \/>\n<\/td>\n<\/tr>\n<tr class=\"row-3 odd\">\n\t<td class=\"column-1\">Gorduras Sat<\/td><td class=\"column-2\">0 g<\/td>\n<\/tr>\n<tr class=\"row-4 even\">\n\t<td class=\"column-1\">A\u00e7\u00facares<\/td><td class=\"column-2\">78,8 g<\/td>\n<\/tr>\n<tr class=\"row-5 odd\">\n\t<td class=\"column-1\">Prote\u00edna<\/td><td class=\"column-2\">0 g<\/td>\n<\/tr>\n<tr class=\"row-6 even\">\n\t<td class=\"column-1\">Sal<\/td><td class=\"column-2\">0 g<\/td>\n<\/tr>\n<\/tbody>\n<\/table>\n<!-- #tablepress-262 from cache --><\/p>\n","protected":false},"excerpt":{"rendered":"<h3>Utiliza\u00e7\u00e3o<\/h3>\n<p>Chamamos de fondant de a\u00e7\u00facar ou pasta de a\u00e7\u00facar um preparado feito de a\u00e7\u00facar, usado principalmente em confeitaria para cobrir bolos e fazer decora\u00e7\u00f5es. Embora existam vers\u00f5es diferentes, a mais popular tem uma textura modeladora, macia e el\u00e1stica, semelhante \u00e0 da plasticina.<\/p>\n<h3>Ventagens<\/h3>\n<p>A palavra fondant vem do franc\u00eas, como muitos termos de cozinha, e significa literalmente &#8220;que derrete&#8221; ou &#8220;que derrete&#8221;, em alus\u00e3o \u00e0 sua textura a\u00e7ucarada suave que derrete na boca. Este termo culin\u00e1rio tamb\u00e9m pode se referir a um tipo de chocolate, cujas aplica\u00e7\u00f5es e formas de trabalho s\u00e3o diferentes das da pasta de a\u00e7\u00facar. O fondant de a\u00e7\u00facar e o fondant de chocolate simplesmente t\u00eam em comum a qualidade de derreter facilmente e n\u00e3o devem ser confundidos.<u><\/u><u><\/u><\/p>\n","protected":false},"featured_media":4349,"template":"","meta":[],"product_cat":[99],"product_tag":[],"_links":{"self":[{"href":"https:\/\/solgi.com\/pt-br\/wp-json\/wp\/v2\/product\/3520"}],"collection":[{"href":"https:\/\/solgi.com\/pt-br\/wp-json\/wp\/v2\/product"}],"about":[{"href":"https:\/\/solgi.com\/pt-br\/wp-json\/wp\/v2\/types\/product"}],"wp:featuredmedia":[{"embeddable":true,"href":"https:\/\/solgi.com\/pt-br\/wp-json\/wp\/v2\/media\/4349"}],"wp:attachment":[{"href":"https:\/\/solgi.com\/pt-br\/wp-json\/wp\/v2\/media?parent=3520"}],"wp:term":[{"taxonomy":"product_cat","embeddable":true,"href":"https:\/\/solgi.com\/pt-br\/wp-json\/wp\/v2\/product_cat?post=3520"},{"taxonomy":"product_tag","embeddable":true,"href":"https:\/\/solgi.com\/pt-br\/wp-json\/wp\/v2\/product_tag?post=3520"}],"curies":[{"name":"wp","href":"https:\/\/api.w.org\/{rel}","templated":true}]}}