{"id":3539,"date":"2020-12-18T08:53:46","date_gmt":"2020-12-18T08:53:47","guid":{"rendered":"http:\/\/solgi.webtosell.es\/?post_type=product&#038;p=3539"},"modified":"2021-01-04T08:39:53","modified_gmt":"2021-01-04T08:39:53","slug":"mel-de-mil-flores","status":"publish","type":"product","link":"https:\/\/solgi.com\/pt-br\/produto\/mel-de-mil-flores\/","title":{"rendered":"Mel de Mil Flores"},"content":{"rendered":"<h3>Presenta\u00e7\u00e3o<\/h3>\n<p style=\"font-weight: 400;\">Balde 6Kg<\/p>\n","protected":false},"excerpt":{"rendered":"<h3>Utiliza\u00e7\u00e3o<\/h3>\n<p style=\"font-weight: 400;\">Mel de Mil Flores (ou mel de abelha): um dos mais conhecidos, \u00e9 denominado de abelha porque esse mel \u00e9 extra\u00eddo da coleta das abelhas trabalhadoras, que coletam o n\u00e9ctar de diferentes flores de acordo com o local e o ambiente. \u00e9poca do ano. &#8230; As qualidades do mel de flores dependem do local e das flores.<\/p>\n<p>&nbsp;<\/p>\n","protected":false},"featured_media":3547,"template":"","meta":[],"product_cat":[99],"product_tag":[],"_links":{"self":[{"href":"https:\/\/solgi.com\/pt-br\/wp-json\/wp\/v2\/product\/3539"}],"collection":[{"href":"https:\/\/solgi.com\/pt-br\/wp-json\/wp\/v2\/product"}],"about":[{"href":"https:\/\/solgi.com\/pt-br\/wp-json\/wp\/v2\/types\/product"}],"wp:featuredmedia":[{"embeddable":true,"href":"https:\/\/solgi.com\/pt-br\/wp-json\/wp\/v2\/media\/3547"}],"wp:attachment":[{"href":"https:\/\/solgi.com\/pt-br\/wp-json\/wp\/v2\/media?parent=3539"}],"wp:term":[{"taxonomy":"product_cat","embeddable":true,"href":"https:\/\/solgi.com\/pt-br\/wp-json\/wp\/v2\/product_cat?post=3539"},{"taxonomy":"product_tag","embeddable":true,"href":"https:\/\/solgi.com\/pt-br\/wp-json\/wp\/v2\/product_tag?post=3539"}],"curies":[{"name":"wp","href":"https:\/\/api.w.org\/{rel}","templated":true}]}}