{"id":3551,"date":"2020-12-18T09:04:00","date_gmt":"2020-12-18T09:04:01","guid":{"rendered":"http:\/\/solgi.webtosell.es\/?post_type=product&#038;p=3551"},"modified":"2021-01-04T08:46:50","modified_gmt":"2021-01-04T08:46:50","slug":"fondant-em-po","status":"publish","type":"product","link":"https:\/\/solgi.com\/pt-br\/produto\/fondant-em-po\/","title":{"rendered":"Fondant em P\u00f3"},"content":{"rendered":"<h3>Recomenda\u00e7\u00f5es para o uso<\/h3>\n<p style=\"font-weight: 400;\">Pode ser usado junto com tintas de chocolate ou corantes dando uma apar\u00eancia brilhante e est\u00e1vel. Tanto para aplica\u00e7\u00e3o manual como para qualquer tipo de m\u00e1quina industrial (pistola, m\u00e1quinas de revestimento ou cortina e tanques de manuten\u00e7\u00e3o)<\/p>\n<h3>Presenta\u00e7\u00e3o<\/h3>\n<p>&nbsp;<\/p>\n<h3>Informa\u00e7\u00e3o nutricional<\/h3>\n<p>(Com base em 100 gr.) \n<table id=\"tablepress-268\" class=\"tablepress tablepress-id-268\">\n<tbody>\n<tr class=\"row-1 odd\">\n\t<td class=\"column-1\">Poder<\/td><td class=\"column-2\">376kcal<\/td>\n<\/tr>\n<tr class=\"row-2 even\">\n\t<td class=\"column-1\">Graxas<\/td><td class=\"column-2\">0 g<\/td>\n<\/tr>\n<tr class=\"row-3 odd\">\n\t<td class=\"column-1\">A\u00e7\u00facares<\/td><td class=\"column-2\">87 g<\/td>\n<\/tr>\n<tr class=\"row-4 even\">\n\t<td class=\"column-1\">Fibra<\/td><td class=\"column-2\">0 g<\/td>\n<\/tr>\n<tr class=\"row-5 odd\">\n\t<td class=\"column-1\">Prote\u00edna<\/td><td class=\"column-2\">0 gr<\/td>\n<\/tr>\n<tr class=\"row-6 even\">\n\t<td class=\"column-1\">Sal<\/td><td class=\"column-2\">0 g<\/td>\n<\/tr>\n<\/tbody>\n<\/table>\n<!-- #tablepress-268 from cache --><\/p>\n","protected":false},"excerpt":{"rendered":"<h3>Utiliza\u00e7\u00e3o<\/h3>\n<p style=\"font-weight: 400;\">O fondant em p\u00f3 \u00e9 uma alternativa f\u00e1cil e simples para decorar e finalizar as suas cria\u00e7\u00f5es de pastelaria e pastelaria sem os inconvenientes do fondant tradicional (estabilidade do esmalte e manuseamento).<\/p>\n<p>\u00c9 o ingrediente ideal para um esmalte profissional de alta qualidade, isento de OGM e gl\u00faten.<\/p>\n","protected":false},"featured_media":3651,"template":"","meta":[],"product_cat":[115],"product_tag":[],"_links":{"self":[{"href":"https:\/\/solgi.com\/pt-br\/wp-json\/wp\/v2\/product\/3551"}],"collection":[{"href":"https:\/\/solgi.com\/pt-br\/wp-json\/wp\/v2\/product"}],"about":[{"href":"https:\/\/solgi.com\/pt-br\/wp-json\/wp\/v2\/types\/product"}],"wp:featuredmedia":[{"embeddable":true,"href":"https:\/\/solgi.com\/pt-br\/wp-json\/wp\/v2\/media\/3651"}],"wp:attachment":[{"href":"https:\/\/solgi.com\/pt-br\/wp-json\/wp\/v2\/media?parent=3551"}],"wp:term":[{"taxonomy":"product_cat","embeddable":true,"href":"https:\/\/solgi.com\/pt-br\/wp-json\/wp\/v2\/product_cat?post=3551"},{"taxonomy":"product_tag","embeddable":true,"href":"https:\/\/solgi.com\/pt-br\/wp-json\/wp\/v2\/product_tag?post=3551"}],"curies":[{"name":"wp","href":"https:\/\/api.w.org\/{rel}","templated":true}]}}