{"id":3619,"date":"2020-12-22T14:57:04","date_gmt":"2020-12-22T14:57:05","guid":{"rendered":"http:\/\/solgi.webtosell.es\/?post_type=product&#038;p=3619"},"modified":"2021-01-07T12:46:54","modified_gmt":"2021-01-07T12:46:54","slug":"doce-seco-de-abobora-branca-de-celofane","status":"publish","type":"product","link":"https:\/\/solgi.com\/pt-br\/produto\/doce-seco-de-abobora-branca-de-celofane\/","title":{"rendered":"Doce seco de ab\u00f3bora branca de celofane"},"content":{"rendered":"<h3>Recomenda\u00e7\u00f5es para o uso<\/h3>\n<p>Recomendamos o uso das B.P.H e das B.P.F obrigatorias para todos os alimentos em geral.<\/p>\n<h3>Condi\u00e7\u00f5es de almazenar i distribui\u00e7\u00e3o<\/h3>\n<p>Recomendamos usar lugares limpios, frescos e secos, evitando mudan\u00e7as bruscas de temperatura i humedade.<\/p>\n<h3>Presenta\u00e7\u00e3o<\/h3>\n<p>Caixa de 3 kg.<\/p>\n<h3>Informa\u00e7\u00e3o nutricional<\/h3>\n<p>(Com base em 100 gr.) \n<table id=\"tablepress-272\" class=\"tablepress tablepress-id-272\">\n<tbody>\n<tr class=\"row-1 odd\">\n\t<td class=\"column-1\">Poder<\/td><td class=\"column-2\">314 kcal <\/td>\n<\/tr>\n<tr class=\"row-2 even\">\n\t<td class=\"column-1\">Graxas<\/td><td class=\"column-2\">< 0.6 g<\/td>\n<\/tr>\n<tr class=\"row-3 odd\">\n\t<td class=\"column-1\">Prote\u00edna<\/td><td class=\"column-2\">0,10 \u00b1 0,02<br \/>\n<br \/>\n<\/td>\n<\/tr>\n<tr class=\"row-4 even\">\n\t<td class=\"column-1\">A\u00e7\u00facares<\/td><td class=\"column-2\">75,05 \u00b1 5,0<br \/>\n<br \/>\n<\/td>\n<\/tr>\n<tr class=\"row-5 odd\">\n\t<td class=\"column-1\">Fibra<\/td><td class=\"column-2\">1,0 \u00b1 0,2<br \/>\n<br \/>\n<\/td>\n<\/tr>\n<\/tbody>\n<\/table>\n<!-- #tablepress-272 from cache --><\/p>\n","protected":false},"excerpt":{"rendered":"<p>Doce seco de ab\u00f3bora em barras, l\u00e2minas i tacos confeitado o gla\u00e7eado. Cores blanco, vermelho e verde.<\/p>\n","protected":false},"featured_media":3608,"template":"","meta":[],"product_cat":[115],"product_tag":[],"_links":{"self":[{"href":"https:\/\/solgi.com\/pt-br\/wp-json\/wp\/v2\/product\/3619"}],"collection":[{"href":"https:\/\/solgi.com\/pt-br\/wp-json\/wp\/v2\/product"}],"about":[{"href":"https:\/\/solgi.com\/pt-br\/wp-json\/wp\/v2\/types\/product"}],"wp:featuredmedia":[{"embeddable":true,"href":"https:\/\/solgi.com\/pt-br\/wp-json\/wp\/v2\/media\/3608"}],"wp:attachment":[{"href":"https:\/\/solgi.com\/pt-br\/wp-json\/wp\/v2\/media?parent=3619"}],"wp:term":[{"taxonomy":"product_cat","embeddable":true,"href":"https:\/\/solgi.com\/pt-br\/wp-json\/wp\/v2\/product_cat?post=3619"},{"taxonomy":"product_tag","embeddable":true,"href":"https:\/\/solgi.com\/pt-br\/wp-json\/wp\/v2\/product_tag?post=3619"}],"curies":[{"name":"wp","href":"https:\/\/api.w.org\/{rel}","templated":true}]}}