{"id":4078,"date":"2021-06-16T11:02:22","date_gmt":"2021-06-16T11:02:22","guid":{"rendered":"https:\/\/solgi.com\/product\/creme-de-cacau-com-injecao-de-avela\/"},"modified":"2021-06-16T11:02:22","modified_gmt":"2021-06-16T11:02:22","slug":"creme-de-cacau-com-injecao-de-avela","status":"publish","type":"product","link":"https:\/\/solgi.com\/pt-br\/produto\/creme-de-cacau-com-injecao-de-avela\/","title":{"rendered":"Creme de cacau com inje\u00e7\u00e3o de avel\u00e3"},"content":{"rendered":"","protected":false},"excerpt":{"rendered":"<p>Delicioso creme de cacau com avel\u00e3s, para uso como recheio ou cobertura. Em muitos produtos de panifica\u00e7\u00e3o, ideal para rechear croissants napolitanos, coberturas de bolos, etc. Feito sem \u00f3leo de palma, com um sabor caracter\u00edstico de avel\u00e3 diferente do mercado. Cubo de 14 kg selado termicamente com 9 meses de consumo preferencial.<\/p>\n","protected":false},"featured_media":4061,"template":"","meta":[],"product_cat":[126],"product_tag":[],"_links":{"self":[{"href":"https:\/\/solgi.com\/pt-br\/wp-json\/wp\/v2\/product\/4078"}],"collection":[{"href":"https:\/\/solgi.com\/pt-br\/wp-json\/wp\/v2\/product"}],"about":[{"href":"https:\/\/solgi.com\/pt-br\/wp-json\/wp\/v2\/types\/product"}],"wp:featuredmedia":[{"embeddable":true,"href":"https:\/\/solgi.com\/pt-br\/wp-json\/wp\/v2\/media\/4061"}],"wp:attachment":[{"href":"https:\/\/solgi.com\/pt-br\/wp-json\/wp\/v2\/media?parent=4078"}],"wp:term":[{"taxonomy":"product_cat","embeddable":true,"href":"https:\/\/solgi.com\/pt-br\/wp-json\/wp\/v2\/product_cat?post=4078"},{"taxonomy":"product_tag","embeddable":true,"href":"https:\/\/solgi.com\/pt-br\/wp-json\/wp\/v2\/product_tag?post=4078"}],"curies":[{"name":"wp","href":"https:\/\/api.w.org\/{rel}","templated":true}]}}