{"id":4084,"date":"2021-06-16T11:13:25","date_gmt":"2021-06-16T11:13:25","guid":{"rendered":"https:\/\/solgi.com\/product\/creme-de-caramelo-para-uso-em-biscoitos-barras-energeticas-e-confeitaria\/"},"modified":"2021-06-16T11:13:25","modified_gmt":"2021-06-16T11:13:25","slug":"creme-de-caramelo-para-uso-em-biscoitos-barras-energeticas-e-confeitaria","status":"publish","type":"product","link":"https:\/\/solgi.com\/pt-br\/produto\/creme-de-caramelo-para-uso-em-biscoitos-barras-energeticas-e-confeitaria\/","title":{"rendered":"Creme de caramelo para uso em biscoitos, barras energ\u00e9ticas e confeitaria."},"content":{"rendered":"","protected":false},"excerpt":{"rendered":"<p>Fornece o trecho cl\u00e1ssico deste produto.<\/p>\n<p>Fabricado sem conservantes de grande durabilidade, gra\u00e7as \u00e0 aus\u00eancia de umidade.<\/p>\n<p>Precisa ser ligeiramente aquecida para sua aplica\u00e7\u00e3o (microondas, banho-maria, etc.).<\/p>\n<p>Embalagem termoselada de 3,5 kg com um ano de consumo preferencial.<\/p>\n","protected":false},"featured_media":4074,"template":"","meta":[],"product_cat":[50],"product_tag":[],"_links":{"self":[{"href":"https:\/\/solgi.com\/pt-br\/wp-json\/wp\/v2\/product\/4084"}],"collection":[{"href":"https:\/\/solgi.com\/pt-br\/wp-json\/wp\/v2\/product"}],"about":[{"href":"https:\/\/solgi.com\/pt-br\/wp-json\/wp\/v2\/types\/product"}],"wp:featuredmedia":[{"embeddable":true,"href":"https:\/\/solgi.com\/pt-br\/wp-json\/wp\/v2\/media\/4074"}],"wp:attachment":[{"href":"https:\/\/solgi.com\/pt-br\/wp-json\/wp\/v2\/media?parent=4084"}],"wp:term":[{"taxonomy":"product_cat","embeddable":true,"href":"https:\/\/solgi.com\/pt-br\/wp-json\/wp\/v2\/product_cat?post=4084"},{"taxonomy":"product_tag","embeddable":true,"href":"https:\/\/solgi.com\/pt-br\/wp-json\/wp\/v2\/product_tag?post=4084"}],"curies":[{"name":"wp","href":"https:\/\/api.w.org\/{rel}","templated":true}]}}