{"id":4093,"date":"2022-05-03T14:32:28","date_gmt":"2022-05-03T14:32:28","guid":{"rendered":"https:\/\/solgi.com\/?post_type=product&#038;p=4093"},"modified":"2022-05-03T14:44:51","modified_gmt":"2022-05-03T14:44:51","slug":"arroz-tufado-cacau","status":"publish","type":"product","link":"https:\/\/solgi.com\/pt-br\/produto\/arroz-tufado-cacau\/","title":{"rendered":"Arroz tufado com cacau"},"content":{"rendered":"<h3>Recomenda\u00e7\u00f5es para o uso<\/h3>\n<p>Embora nosso arroz seja perfeitamente embalado em uma atmosfera protetora para evitar ran\u00e7o e absor\u00e7\u00e3o de umidade, Solgi recomenda que voc\u00ea mantenha o produto em um local fresco e seco.<\/p>\n<h3>Presenta\u00e7\u00e3o<\/h3>\n<p>Caixa de 10 kg (sacos de 1 kg);<\/p>\n<p>Balde de 3,5 kg;<\/p>\n<p>Caixa de 10 kg (sacos de 5 kg);<\/p>\n<p>Caixa de 6 kg (baldes de 1 kg).<\/p>\n<p>Recipiente de 400 kg<\/p>\n<h3>Informa\u00e7\u00e3o nutricional<\/h3>\n<p>(Com base em 100 gr.)<\/p>\n\n<table id=\"tablepress-279\" class=\"tablepress tablepress-id-279\">\n<tbody>\n<tr class=\"row-1 odd\">\n\t<td class=\"column-1\">Energ\u00eda<\/td><td class=\"column-2\">378 Kcal<\/td>\n<\/tr>\n<tr class=\"row-2 even\">\n\t<td class=\"column-1\">Grasas<\/td><td class=\"column-2\">1,7 g<br \/>\n<br \/>\n<\/td>\n<\/tr>\n<tr class=\"row-3 odd\">\n\t<td class=\"column-1\">Grasas Sat<\/td><td class=\"column-2\">0,80 g<\/td>\n<\/tr>\n<tr class=\"row-4 even\">\n\t<td class=\"column-1\">Az\u00facares<\/td><td class=\"column-2\">79.5 g<\/td>\n<\/tr>\n<tr class=\"row-5 odd\">\n\t<td class=\"column-1\">Prote\u00ednas<\/td><td class=\"column-2\">7,7 g<\/td>\n<\/tr>\n<tr class=\"row-6 even\">\n\t<td class=\"column-1\">Sal<\/td><td class=\"column-2\">0.009 g<\/td>\n<\/tr>\n<\/tbody>\n<\/table>\n<!-- #tablepress-279 from cache -->\n","protected":false},"excerpt":{"rendered":"<h3>Utiliza\u00e7\u00e3o<\/h3>\n<p>Nosso saboroso arroz tufado \u00e9 feito a partir de uma cuidadosa sele\u00e7\u00e3o de arroz cozido e desidratado revestido com cacau em p\u00f3.<br \/>\nIdeal para todos os tipos de crocantes, combina perfeitamente com chocolates, cremes \u00e0 base de gordura, pastelaria de baixa umidade (Brisas, mantecados, etc.).<\/p>\n<p>D\u00e1 um aperto constante.<\/p>\n<h3>Ventagens<\/h3>\n<p>Por ser um produto feito com as mesmas mat\u00e9rias-primas utilizadas nas padarias tradicionais e com a vantagem de que o produto est\u00e1 pronto para uso, evitamos as perturba\u00e7\u00f5es do processo de produ\u00e7\u00e3o, os perigos de contamina\u00e7\u00e3o, etc.<\/p>\n<p>Voc\u00ea pode ter certeza de que est\u00e1 trabalhando com um produto que cumpre com todos os padr\u00f5es de qualidade.<\/p>\n","protected":false},"featured_media":4097,"template":"","meta":[],"product_cat":[111],"product_tag":[],"_links":{"self":[{"href":"https:\/\/solgi.com\/pt-br\/wp-json\/wp\/v2\/product\/4093"}],"collection":[{"href":"https:\/\/solgi.com\/pt-br\/wp-json\/wp\/v2\/product"}],"about":[{"href":"https:\/\/solgi.com\/pt-br\/wp-json\/wp\/v2\/types\/product"}],"wp:featuredmedia":[{"embeddable":true,"href":"https:\/\/solgi.com\/pt-br\/wp-json\/wp\/v2\/media\/4097"}],"wp:attachment":[{"href":"https:\/\/solgi.com\/pt-br\/wp-json\/wp\/v2\/media?parent=4093"}],"wp:term":[{"taxonomy":"product_cat","embeddable":true,"href":"https:\/\/solgi.com\/pt-br\/wp-json\/wp\/v2\/product_cat?post=4093"},{"taxonomy":"product_tag","embeddable":true,"href":"https:\/\/solgi.com\/pt-br\/wp-json\/wp\/v2\/product_tag?post=4093"}],"curies":[{"name":"wp","href":"https:\/\/api.w.org\/{rel}","templated":true}]}}