{"id":4203,"date":"2023-07-27T09:54:40","date_gmt":"2023-07-27T09:54:40","guid":{"rendered":"https:\/\/solgi.com\/product\/pistache-inteiro-caramelizado\/"},"modified":"2023-07-31T12:31:58","modified_gmt":"2023-07-31T12:31:58","slug":"pistache-inteiro-caramelizado","status":"publish","type":"product","link":"https:\/\/solgi.com\/pt-br\/produto\/pistache-inteiro-caramelizado\/","title":{"rendered":"Pistache inteiro caramelizado"},"content":{"rendered":"<p>INFORMA\u00c7\u00d5ES NUTRICIONAIS<\/p>\n<p>AN\u00c1LISE DESCRI\u00c7\u00c3O<\/p>\n<p>Gorduras (g\/100g) 49,28<\/p>\n<p>Das quais saturadas (g\/100g) 4,80<\/p>\n<p>Prote\u00ednas (g\/100g) 15,48<\/p>\n<p>Hidratos de Carbono (g\/100g) 28,96<\/p>\n<p>Dos quais a\u00e7\u00facares (g\/100g) 16,00<\/p>\n<p>Sal (g\/100g) &lt; 0,1<\/p>\n<p>Fibra (g\/100g) 7,63<\/p>\n<p>Valor Energ\u00e9tico (Kcal\/100g)(KJ\/100g) 636,54 Kcal\/ 2665,07 KJ<\/p>\n","protected":false},"excerpt":{"rendered":"<p>Pistache inteiro caramelizado<\/p>\n<p>Apresenta\u00e7\u00e3o: Caixa de 10 kg, Saco de 5 kg<\/p>\n","protected":false},"featured_media":4168,"template":"","meta":[],"product_cat":[],"product_tag":[],"_links":{"self":[{"href":"https:\/\/solgi.com\/pt-br\/wp-json\/wp\/v2\/product\/4203"}],"collection":[{"href":"https:\/\/solgi.com\/pt-br\/wp-json\/wp\/v2\/product"}],"about":[{"href":"https:\/\/solgi.com\/pt-br\/wp-json\/wp\/v2\/types\/product"}],"wp:featuredmedia":[{"embeddable":true,"href":"https:\/\/solgi.com\/pt-br\/wp-json\/wp\/v2\/media\/4168"}],"wp:attachment":[{"href":"https:\/\/solgi.com\/pt-br\/wp-json\/wp\/v2\/media?parent=4203"}],"wp:term":[{"taxonomy":"product_cat","embeddable":true,"href":"https:\/\/solgi.com\/pt-br\/wp-json\/wp\/v2\/product_cat?post=4203"},{"taxonomy":"product_tag","embeddable":true,"href":"https:\/\/solgi.com\/pt-br\/wp-json\/wp\/v2\/product_tag?post=4203"}],"curies":[{"name":"wp","href":"https:\/\/api.w.org\/{rel}","templated":true}]}}