{"id":4204,"date":"2023-07-27T09:54:40","date_gmt":"2023-07-27T09:54:40","guid":{"rendered":"https:\/\/solgi.com\/product\/amendoa-palito-caramelizad\/"},"modified":"2023-07-31T12:31:56","modified_gmt":"2023-07-31T12:31:56","slug":"amendoa-palito-caramelizad","status":"publish","type":"product","link":"https:\/\/solgi.com\/pt-br\/produto\/amendoa-palito-caramelizad\/","title":{"rendered":"Am\u00eandoa palito caramelizad"},"content":{"rendered":"<p>INFORMA\u00c7\u00d5ES NUTRICIONAIS<\/p>\n<p>AN\u00c1LISE DESCRI\u00c7\u00c3O<\/p>\n<p>Gorduras (g\/100g) 38,50<\/p>\n<p>Das quais saturadas (g\/100g) 3,08<\/p>\n<p>Prote\u00ednas (g\/100g) 16,80<\/p>\n<p>Hidratos de Carbono (g\/100g) 33,01<\/p>\n<p>Dos quais a\u00e7\u00facares (g\/100g) 32,80<\/p>\n<p>Fibra alimentar (g\/100g) 7,00<\/p>\n<p>Sal (g\/100g) 0,014<\/p>\n<p>Valor Energ\u00e9tico (Kcal\/100g) (KJ\/100g) 537,832 \/ 2251,79<\/p>\n","protected":false},"excerpt":{"rendered":"<p>Am\u00eandoa palito caramelizad<\/p>\n<p>Apresenta\u00e7\u00e3o: Caixa de 10 kg, Saco de 5 kg<\/p>\n","protected":false},"featured_media":4164,"template":"","meta":[],"product_cat":[],"product_tag":[],"_links":{"self":[{"href":"https:\/\/solgi.com\/pt-br\/wp-json\/wp\/v2\/product\/4204"}],"collection":[{"href":"https:\/\/solgi.com\/pt-br\/wp-json\/wp\/v2\/product"}],"about":[{"href":"https:\/\/solgi.com\/pt-br\/wp-json\/wp\/v2\/types\/product"}],"wp:featuredmedia":[{"embeddable":true,"href":"https:\/\/solgi.com\/pt-br\/wp-json\/wp\/v2\/media\/4164"}],"wp:attachment":[{"href":"https:\/\/solgi.com\/pt-br\/wp-json\/wp\/v2\/media?parent=4204"}],"wp:term":[{"taxonomy":"product_cat","embeddable":true,"href":"https:\/\/solgi.com\/pt-br\/wp-json\/wp\/v2\/product_cat?post=4204"},{"taxonomy":"product_tag","embeddable":true,"href":"https:\/\/solgi.com\/pt-br\/wp-json\/wp\/v2\/product_tag?post=4204"}],"curies":[{"name":"wp","href":"https:\/\/api.w.org\/{rel}","templated":true}]}}