{"id":4317,"date":"2026-02-05T09:41:33","date_gmt":"2026-02-05T09:41:33","guid":{"rendered":"https:\/\/solgi.com\/?post_type=product&#038;p=4317"},"modified":"2026-02-10T10:51:07","modified_gmt":"2026-02-10T10:51:07","slug":"acucar-em-po-anti-humidade","status":"publish","type":"product","link":"https:\/\/solgi.com\/pt-br\/produto\/acucar-em-po-anti-humidade\/","title":{"rendered":"A\u00e7\u00facar em P\u00f3 Anti-humidade"},"content":{"rendered":"<p>\u00c9 utilizado para polvilhar, cobrir ou decorar produtos de pastelaria.<\/p>\n<p>A\u00e7\u00facar em p\u00f3 anti-humidade de qualidade superior, ideal para pastelaria.<\/p>\n<p>Conservar em local fresco e seco.<\/p>\n<p>Instru\u00e7\u00f5es de utiliza\u00e7\u00e3o: Polvilhar diretamente sobre as pe\u00e7as. Recomenda-se deixar arrefecer as pe\u00e7as antes da cobertura.<\/p>\n<p>Saco de 5 kg<\/p>\n","protected":false},"excerpt":{"rendered":"<p>Textura muito fina com aditivos que ajudam a evitar que o pr\u00f3prio a\u00e7\u00facar fique h\u00famido sobre o produto final (doces embebidos em a\u00e7\u00facar, cappuccinos\u2026).<\/p>\n<p>Saco de 5 kg<\/p>\n","protected":false},"featured_media":4321,"template":"","meta":[],"product_cat":[99],"product_tag":[],"_links":{"self":[{"href":"https:\/\/solgi.com\/pt-br\/wp-json\/wp\/v2\/product\/4317"}],"collection":[{"href":"https:\/\/solgi.com\/pt-br\/wp-json\/wp\/v2\/product"}],"about":[{"href":"https:\/\/solgi.com\/pt-br\/wp-json\/wp\/v2\/types\/product"}],"wp:featuredmedia":[{"embeddable":true,"href":"https:\/\/solgi.com\/pt-br\/wp-json\/wp\/v2\/media\/4321"}],"wp:attachment":[{"href":"https:\/\/solgi.com\/pt-br\/wp-json\/wp\/v2\/media?parent=4317"}],"wp:term":[{"taxonomy":"product_cat","embeddable":true,"href":"https:\/\/solgi.com\/pt-br\/wp-json\/wp\/v2\/product_cat?post=4317"},{"taxonomy":"product_tag","embeddable":true,"href":"https:\/\/solgi.com\/pt-br\/wp-json\/wp\/v2\/product_tag?post=4317"}],"curies":[{"name":"wp","href":"https:\/\/api.w.org\/{rel}","templated":true}]}}