{"id":4325,"date":"2026-02-05T09:49:09","date_gmt":"2026-02-05T09:49:10","guid":{"rendered":"https:\/\/solgi.com\/?post_type=product&#038;p=4325"},"modified":"2026-02-10T09:41:24","modified_gmt":"2026-02-10T09:41:24","slug":"acucar-fino","status":"publish","type":"product","link":"https:\/\/solgi.com\/pt-br\/produto\/acucar-fino\/","title":{"rendered":"A\u00e7\u00facar Fino"},"content":{"rendered":"<p>O a\u00e7\u00facar fino \u00e9 um a\u00e7\u00facar granulado de textura fina, situado entre o a\u00e7\u00facar granulado e o a\u00e7\u00facar em p\u00f3 em termos de espessura. Como os cristais s\u00e3o muito finos, dissolvem-se muito mais rapidamente do que o a\u00e7\u00facar branco granulado normal, tornando-o ideal para a confec\u00e7\u00e3o de bolachas, bolos, queques, merengues, caldas e cocktails.<\/p>\n<p>Conservar em local fresco e seco.<\/p>\n<div class=\"flex flex-col text-sm pb-25\">\n<article class=\"text-token-text-primary w-full focus:outline-none [--shadow-height:45px] has-data-writing-block:pointer-events-none has-data-writing-block:-mt-(--shadow-height) has-data-writing-block:pt-(--shadow-height) [&amp;:has([data-writing-block])&gt;*]:pointer-events-auto scroll-mt-[calc(var(--header-height)+min(200px,max(70px,20svh)))]\" dir=\"auto\" tabindex=\"-1\" data-turn-id=\"request-WEB:fda8fa03-869d-46be-ac74-0b5e1437a8c5-4\" data-testid=\"conversation-turn-10\" data-scroll-anchor=\"true\" data-turn=\"assistant\">\n<div class=\"text-base my-auto mx-auto pb-10 [--thread-content-margin:--spacing(4)] @w-sm\/main:[--thread-content-margin:--spacing(6)] @w-lg\/main:[--thread-content-margin:--spacing(16)] px-(--thread-content-margin)\">\n<div class=\"[--thread-content-max-width:40rem] @w-lg\/main:[--thread-content-max-width:48rem] mx-auto max-w-(--thread-content-max-width) flex-1 group\/turn-messages focus-visible:outline-hidden relative flex w-full min-w-0 flex-col agent-turn\" tabindex=\"-1\">\n<div class=\"flex max-w-full flex-col grow\">\n<div class=\"min-h-8 text-message relative flex w-full flex-col items-end gap-2 text-start break-words whitespace-normal [.text-message+&amp;]:mt-1\" dir=\"auto\" data-message-author-role=\"assistant\" data-message-id=\"e8e07bc5-cba1-4bfd-ba53-cdfe933d54b4\" data-message-model-slug=\"gpt-5-2\">\n<div class=\"flex w-full flex-col gap-1 empty:hidden first:pt-[1px]\">\n<div class=\"markdown prose dark:prose-invert w-full wrap-break-word light markdown-new-styling\">\n<p data-start=\"0\" data-end=\"12\" data-is-last-node=\"\" data-is-only-node=\"\">Saco de 5 kg<\/p>\n<\/div>\n<\/div>\n<\/div>\n<\/div>\n<\/div>\n<\/div>\n<\/article>\n<\/div>\n","protected":false},"excerpt":{"rendered":"<p>A\u00e7\u00facar de textura muito fina, ideal para polvilhar biscoitos\u2026 sem adi\u00e7\u00e3o de outros ingredientes.<\/p>\n<p>Saco de 5 kg<\/p>\n","protected":false},"featured_media":4329,"template":"","meta":[],"product_cat":[99],"product_tag":[],"_links":{"self":[{"href":"https:\/\/solgi.com\/pt-br\/wp-json\/wp\/v2\/product\/4325"}],"collection":[{"href":"https:\/\/solgi.com\/pt-br\/wp-json\/wp\/v2\/product"}],"about":[{"href":"https:\/\/solgi.com\/pt-br\/wp-json\/wp\/v2\/types\/product"}],"wp:featuredmedia":[{"embeddable":true,"href":"https:\/\/solgi.com\/pt-br\/wp-json\/wp\/v2\/media\/4329"}],"wp:attachment":[{"href":"https:\/\/solgi.com\/pt-br\/wp-json\/wp\/v2\/media?parent=4325"}],"wp:term":[{"taxonomy":"product_cat","embeddable":true,"href":"https:\/\/solgi.com\/pt-br\/wp-json\/wp\/v2\/product_cat?post=4325"},{"taxonomy":"product_tag","embeddable":true,"href":"https:\/\/solgi.com\/pt-br\/wp-json\/wp\/v2\/product_tag?post=4325"}],"curies":[{"name":"wp","href":"https:\/\/api.w.org\/{rel}","templated":true}]}}