{"id":4333,"date":"2026-02-05T09:52:10","date_gmt":"2026-02-05T09:52:10","guid":{"rendered":"https:\/\/solgi.com\/?post_type=product&#038;p=4333"},"modified":"2026-02-10T10:52:13","modified_gmt":"2026-02-10T10:52:13","slug":"acucar-em-po-antiaglomerante","status":"publish","type":"product","link":"https:\/\/solgi.com\/pt-br\/produto\/acucar-em-po-antiaglomerante\/","title":{"rendered":"A\u00e7\u00facar em P\u00f3 Antiaglomerante"},"content":{"rendered":"<p>Perfeito para decorar sobremesas com alto teor de gordura, frutas ou produtos que necessitam de refrigera\u00e7\u00e3o, evitando que o a\u00e7\u00facar derreta ou fique pegajoso.<\/p>\n<p>Mant\u00e9m o produto solto, evitando a forma\u00e7\u00e3o de blocos duros.<\/p>\n<p>Conservar em local fresco e seco.<\/p>\n<p>Saco de 5 kg<\/p>\n","protected":false},"excerpt":{"rendered":"<p>Textura muito fina com adi\u00e7\u00e3o de ingredientes para evitar o empedramento.<\/p>\n<p>Saco de 5 kg<\/p>\n","protected":false},"featured_media":4337,"template":"","meta":[],"product_cat":[99],"product_tag":[],"_links":{"self":[{"href":"https:\/\/solgi.com\/pt-br\/wp-json\/wp\/v2\/product\/4333"}],"collection":[{"href":"https:\/\/solgi.com\/pt-br\/wp-json\/wp\/v2\/product"}],"about":[{"href":"https:\/\/solgi.com\/pt-br\/wp-json\/wp\/v2\/types\/product"}],"wp:featuredmedia":[{"embeddable":true,"href":"https:\/\/solgi.com\/pt-br\/wp-json\/wp\/v2\/media\/4337"}],"wp:attachment":[{"href":"https:\/\/solgi.com\/pt-br\/wp-json\/wp\/v2\/media?parent=4333"}],"wp:term":[{"taxonomy":"product_cat","embeddable":true,"href":"https:\/\/solgi.com\/pt-br\/wp-json\/wp\/v2\/product_cat?post=4333"},{"taxonomy":"product_tag","embeddable":true,"href":"https:\/\/solgi.com\/pt-br\/wp-json\/wp\/v2\/product_tag?post=4333"}],"curies":[{"name":"wp","href":"https:\/\/api.w.org\/{rel}","templated":true}]}}