{"id":520,"date":"2020-02-19T15:31:23","date_gmt":"2020-02-19T15:31:23","guid":{"rendered":"http:\/\/solgi.webtosell.es\/product\/massa-de-ovo-blanda\/"},"modified":"2021-01-04T12:02:47","modified_gmt":"2021-01-04T12:02:47","slug":"massa-de-ovo-blanda","status":"publish","type":"product","link":"https:\/\/solgi.com\/pt-br\/produto\/massa-de-ovo-blanda\/","title":{"rendered":"Massa de Ovo Blanda"},"content":{"rendered":"<h3>Recomenda\u00e7\u00f5es para o uso<\/h3>\n<p>Uma vez aberto o envase, retire do mesmo a quantidade que vai consumir em processo de fabrica\u00e7\u00e3o. O resto do produto devera cobrirlo com o papel parafinado para uma melhor conserva\u00e7\u00e3o. Te recomendamos utilizar as boas pr\u00e1ticas de higiene i manipula\u00e7\u00e3o obligatorias com todos os alimentos em geral. N\u00c3O NECESSITA REFRIGERA\u00c7\u00c3O, mesmo que recomenda almacenarlo em um lugar fresco i seco.<\/p>\n<h3>Presenta\u00e7\u00e3o<\/h3>\n<p>Head-sealed baldes de pl\u00e1stico de: 5,7 kg; 7 kg y 14 kg.<\/p>\n<h3>Informa\u00e7\u00e3o nutricional<\/h3>\n<p>(Com base em 100 gr.) \n<table id=\"tablepress-41\" class=\"tablepress tablepress-id-41\">\n<tbody>\n<tr class=\"row-1 odd\">\n\t<td class=\"column-1\">Poder<\/td><td class=\"column-2\">294 kcal<br \/>\n<\/td>\n<\/tr>\n<tr class=\"row-2 even\">\n\t<td class=\"column-1\">Graxas<\/td><td class=\"column-2\">\t5.5 g<\/td>\n<\/tr>\n<tr class=\"row-3 odd\">\n\t<td class=\"column-1\">Gorduras Sat<\/td><td class=\"column-2\">0.8 g<br \/>\n<\/td>\n<\/tr>\n<tr class=\"row-4 even\">\n\t<td class=\"column-1\">Prote\u00edna<\/td><td class=\"column-2\">5.5 g<br \/>\n<\/td>\n<\/tr>\n<tr class=\"row-5 odd\">\n\t<td class=\"column-1\">A\u00e7\u00facares<\/td><td class=\"column-2\">45.5 g<br \/>\n<\/td>\n<\/tr>\n<tr class=\"row-6 even\">\n\t<td class=\"column-1\">Sal<\/td><td class=\"column-2\">\t0.25 g<\/td>\n<\/tr>\n<\/tbody>\n<\/table>\n<!-- #tablepress-41 from cache --><\/p>\n","protected":false},"excerpt":{"rendered":"<h3>Utiliza\u00e7\u00e3o<\/h3>\n<p>A massa de ovo blanda e o produto tradicional eleborado a partir do ovo inteiro i o a\u00e7\u00facar que se utiliza fundamentalmente em a decora\u00e7\u00e3o dos bolos. F\u00e1cil aplica\u00e7\u00e3o mediante o uso da esp\u00e1tula o pastelaria devido a sua textura caracter\u00edstica.<\/p>\n<h3>Ventagens<\/h3>\n<p>Ao tratarse de um produto elaborado com as mesmas materias primas que utilizamos nas confeitarias tradicionais com a ventagens de que o produto est\u00e1 pronto para usarse, te evitamos os trastornos de quebrar os ovos, os processo de elabora\u00e7\u00e3o, e os peligros de contamina\u00e7\u00e3o etc. Tenha a total seguridade que trabalha con um produto que satisfaz com todas as normas de qualidade.<\/p>\n","protected":false},"featured_media":524,"template":"","meta":[],"product_cat":[44],"product_tag":[],"_links":{"self":[{"href":"https:\/\/solgi.com\/pt-br\/wp-json\/wp\/v2\/product\/520"}],"collection":[{"href":"https:\/\/solgi.com\/pt-br\/wp-json\/wp\/v2\/product"}],"about":[{"href":"https:\/\/solgi.com\/pt-br\/wp-json\/wp\/v2\/types\/product"}],"wp:featuredmedia":[{"embeddable":true,"href":"https:\/\/solgi.com\/pt-br\/wp-json\/wp\/v2\/media\/524"}],"wp:attachment":[{"href":"https:\/\/solgi.com\/pt-br\/wp-json\/wp\/v2\/media?parent=520"}],"wp:term":[{"taxonomy":"product_cat","embeddable":true,"href":"https:\/\/solgi.com\/pt-br\/wp-json\/wp\/v2\/product_cat?post=520"},{"taxonomy":"product_tag","embeddable":true,"href":"https:\/\/solgi.com\/pt-br\/wp-json\/wp\/v2\/product_tag?post=520"}],"curies":[{"name":"wp","href":"https:\/\/api.w.org\/{rel}","templated":true}]}}