{"id":642,"date":"2020-02-20T16:49:30","date_gmt":"2020-02-20T16:49:31","guid":{"rendered":"http:\/\/solgi.webtosell.es\/?post_type=product&#038;p=642"},"modified":"2021-01-04T12:14:09","modified_gmt":"2021-01-04T12:14:09","slug":"gema-bolear","status":"publish","type":"product","link":"https:\/\/solgi.com\/pt-br\/produto\/gema-bolear\/","title":{"rendered":"Gema Bolear"},"content":{"rendered":"<h3>Recomenda\u00e7\u00f5es para o uso<\/h3>\n<p>Uma vez aberto o envase, retire do mesmo a quantidade que vai consumir em processo de fabrica\u00e7\u00e3o. O resto do produto devera cobrirlo com o papel parafinado para uma melhor conserva\u00e7\u00e3o. Te recomendamos utilizar as boas pr\u00e1ticas de higiene i manipula\u00e7\u00e3o obligatorias com todos os alimentos em geral. N\u00c3O NECESSITA REFRIGERA\u00c7\u00c3O, mesmo que recomenda almacenarlo em um lugar fresco i seco.<\/p>\n<h3>Presenta\u00e7\u00e3o<\/h3>\n<p>Head-sealed baldes de pl\u00e1stico de 7 kg.<\/p>\n<h3>Informa\u00e7\u00e3o nutricional<\/h3>\n<p>(Com base em 100 gr.) \n<table id=\"tablepress-25\" class=\"tablepress tablepress-id-25\">\n<tbody>\n<tr class=\"row-1 odd\">\n\t<td class=\"column-1\">Poder<\/td><td class=\"column-2\">347 kcal<\/td>\n<\/tr>\n<tr class=\"row-2 even\">\n\t<td class=\"column-1\">Graxas<\/td><td class=\"column-2\">13 g<\/td>\n<\/tr>\n<tr class=\"row-3 odd\">\n\t<td class=\"column-1\">Gorduras Sat<\/td><td class=\"column-2\">4.5 g<\/td>\n<\/tr>\n<tr class=\"row-4 even\">\n\t<td class=\"column-1\">Prote\u00edna<\/td><td class=\"column-2\">8 g<br \/>\n<\/td>\n<\/tr>\n<tr class=\"row-5 odd\">\n\t<td class=\"column-1\">A\u00e7\u00facares<\/td><td class=\"column-2\">48 g<\/td>\n<\/tr>\n<tr class=\"row-6 even\">\n\t<td class=\"column-1\">Sal<\/td><td class=\"column-2\">0.21 g<\/td>\n<\/tr>\n<\/tbody>\n<\/table>\n<!-- #tablepress-25 from cache --><\/p>\n","protected":false},"excerpt":{"rendered":"<h3>Utiliza\u00e7\u00e3o<\/h3>\n<p>A gema bolear e o produto tradicional extremadamente rico em gema de ovo. Seu alto porcentaje em grasa de ovo proporciona uma viscosidade caracter\u00edstica i uma textura suave ao paladar, a vez de uma excelente resistencia a congela\u00e7\u00e3o i ao forno. Elaborada a partir da gemas de ovo seleccionadas, a\u00e7\u00facar, xarope de glicose i carragenina.<\/p>\n<h3>Ventagens<\/h3>\n<p>Ao tratarse de um produto elaborado com as mesmas materias primas que utilizamos nas confeitarias tradicionais com a ventagens de que o produto est\u00e1 pronto para usarse, te evitamos os trastornos de quebrar os ovos, os processo de elabora\u00e7\u00e3o, e os peligros de contamina\u00e7\u00e3o etc. Tenha a total seguridade que trabalha con um produto que satisfaz com todas as normas de qualidade.<\/p>\n","protected":false},"featured_media":658,"template":"","meta":[],"product_cat":[44],"product_tag":[],"_links":{"self":[{"href":"https:\/\/solgi.com\/pt-br\/wp-json\/wp\/v2\/product\/642"}],"collection":[{"href":"https:\/\/solgi.com\/pt-br\/wp-json\/wp\/v2\/product"}],"about":[{"href":"https:\/\/solgi.com\/pt-br\/wp-json\/wp\/v2\/types\/product"}],"wp:featuredmedia":[{"embeddable":true,"href":"https:\/\/solgi.com\/pt-br\/wp-json\/wp\/v2\/media\/658"}],"wp:attachment":[{"href":"https:\/\/solgi.com\/pt-br\/wp-json\/wp\/v2\/media?parent=642"}],"wp:term":[{"taxonomy":"product_cat","embeddable":true,"href":"https:\/\/solgi.com\/pt-br\/wp-json\/wp\/v2\/product_cat?post=642"},{"taxonomy":"product_tag","embeddable":true,"href":"https:\/\/solgi.com\/pt-br\/wp-json\/wp\/v2\/product_tag?post=642"}],"curies":[{"name":"wp","href":"https:\/\/api.w.org\/{rel}","templated":true}]}}