{"id":670,"date":"2020-02-21T08:50:04","date_gmt":"2020-02-21T08:50:05","guid":{"rendered":"http:\/\/solgi.webtosell.es\/?post_type=product&#038;p=670"},"modified":"2020-04-06T08:56:14","modified_gmt":"2020-04-06T08:56:14","slug":"gema-sem-acucares-adicionados","status":"publish","type":"product","link":"https:\/\/solgi.com\/pt-br\/produto\/gema-sem-acucares-adicionados\/","title":{"rendered":"Gema Sem A\u00e7\u00facares Adicionados"},"content":{"rendered":"<h3>Informa\u00e7\u00e3o nutricional<\/h3>\n<p>(Com base em 100 gr.)<\/p>\n\n<table id=\"tablepress-21\" class=\"tablepress tablepress-id-21\">\n<tbody>\n<tr class=\"row-1 odd\">\n\t<td class=\"column-1\">Poder<\/td><td class=\"column-2\"> 81.14 kcal<\/td>\n<\/tr>\n<tr class=\"row-2 even\">\n\t<td class=\"column-1\">Graxas<\/td><td class=\"column-2\">4,74 g<\/td>\n<\/tr>\n<tr class=\"row-3 odd\">\n\t<td class=\"column-1\">Gorduras Sat<\/td><td class=\"column-2\"> 1,29 g<\/td>\n<\/tr>\n<tr class=\"row-4 even\">\n\t<td class=\"column-1\">Prote\u00edna<\/td><td class=\"column-2\">4,97 g<\/td>\n<\/tr>\n<tr class=\"row-5 odd\">\n\t<td class=\"column-1\">A\u00e7\u00facares<\/td><td class=\"column-2\">0 g<\/td>\n<\/tr>\n<tr class=\"row-6 even\">\n\t<td class=\"column-1\">Sal<\/td><td class=\"column-2\">0,14 g<\/td>\n<\/tr>\n<\/tbody>\n<\/table>\n<!-- #tablepress-21 from cache -->\n","protected":false},"excerpt":{"rendered":"<h3>Descri\u00e7\u00e3o<\/h3>\n<p>A gema cristalizada sem a\u00e7\u00facares adicionados \u00e9 um produto similar \u00e0 gema tradicional confitada feita com ovos inteiros e edulcorantes. Adequado para diab\u00e9ticos e altamente recomendado por seu baixo n\u00edvel cal\u00f3rico. \u00c9 usado principalmente na decora\u00e7\u00e3o de bolos. F\u00e1cil aplica\u00e7\u00e3o atrav\u00e9s da utiliza\u00e7\u00e3o de paletina ou manga devido \u00e0 sua textura caracter\u00edstica.<\/p>\n","protected":false},"featured_media":674,"template":"","meta":[],"product_cat":[44],"product_tag":[],"_links":{"self":[{"href":"https:\/\/solgi.com\/pt-br\/wp-json\/wp\/v2\/product\/670"}],"collection":[{"href":"https:\/\/solgi.com\/pt-br\/wp-json\/wp\/v2\/product"}],"about":[{"href":"https:\/\/solgi.com\/pt-br\/wp-json\/wp\/v2\/types\/product"}],"wp:featuredmedia":[{"embeddable":true,"href":"https:\/\/solgi.com\/pt-br\/wp-json\/wp\/v2\/media\/674"}],"wp:attachment":[{"href":"https:\/\/solgi.com\/pt-br\/wp-json\/wp\/v2\/media?parent=670"}],"wp:term":[{"taxonomy":"product_cat","embeddable":true,"href":"https:\/\/solgi.com\/pt-br\/wp-json\/wp\/v2\/product_cat?post=670"},{"taxonomy":"product_tag","embeddable":true,"href":"https:\/\/solgi.com\/pt-br\/wp-json\/wp\/v2\/product_tag?post=670"}],"curies":[{"name":"wp","href":"https:\/\/api.w.org\/{rel}","templated":true}]}}