{"id":707,"date":"2020-02-21T09:23:47","date_gmt":"2020-02-21T09:23:47","guid":{"rendered":"http:\/\/solgi.webtosell.es\/?post_type=product&#038;p=707"},"modified":"2021-01-04T12:16:32","modified_gmt":"2021-01-04T12:16:32","slug":"gema-da-decoracao","status":"publish","type":"product","link":"https:\/\/solgi.com\/pt-br\/produto\/gema-da-decoracao\/","title":{"rendered":"Gema da decora\u00e7\u00e3o"},"content":{"rendered":"<h3>Recomenda\u00e7\u00f5es para o uso<\/h3>\n<p>Uma vez aberto o envase, retire do mesmo a quantidade que vai consumir em processo de fabrica\u00e7\u00e3o. O resto do produto devera cobrirlo com o papel parafinado para uma melhor conserva\u00e7\u00e3o. Te recomendamos utilizar as boas pr\u00e1ticas de higiene i manipula\u00e7\u00e3o obligatorias com todos os alimentos em geral.<\/p>\n<h3>Presenta\u00e7\u00e3o<\/h3>\n<p>Head-sealed baldes de pl\u00e1stico de\u00a07 kg.<\/p>\n<h3>Informa\u00e7\u00e3o nutricional<\/h3>\n<p>(Com base em 100 gr.) \n<table id=\"tablepress-13\" class=\"tablepress tablepress-id-13\">\n<tbody>\n<tr class=\"row-1 odd\">\n\t<td class=\"column-1\">Poder<\/td><td class=\"column-2\">251 kcal<\/td>\n<\/tr>\n<tr class=\"row-2 even\">\n\t<td class=\"column-1\">Graxas<\/td><td class=\"column-2\"> 4.5 g<\/td>\n<\/tr>\n<tr class=\"row-3 odd\">\n\t<td class=\"column-1\">Gorduras Sat<\/td><td class=\"column-2\">1.9 g<\/td>\n<\/tr>\n<tr class=\"row-4 even\">\n\t<td class=\"column-1\">Prote\u00edna<\/td><td class=\"column-2\"> < 2 g<\/td>\n<\/tr>\n<tr class=\"row-5 odd\">\n\t<td class=\"column-1\">A\u00e7\u00facares<\/td><td class=\"column-2\"> 44.3 g<\/td>\n<\/tr>\n<tr class=\"row-6 even\">\n\t<td class=\"column-1\">Sal<\/td><td class=\"column-2\"> 0.06 g<\/td>\n<\/tr>\n<\/tbody>\n<\/table>\n<!-- #tablepress-13 from cache --><\/p>\n","protected":false},"excerpt":{"rendered":"<h3>Utiliza\u00e7\u00e3o<\/h3>\n<p>A gema da decora\u00e7\u00e3o, \u00e9 um produto feito de ovo inteiro, a\u00e7\u00facar, xarope de glicose, gordura vegetal, amido, corrector de acidez e sorbato de pot\u00e1ssio. F\u00e1cil aplica\u00e7\u00e3o devido \u00e0 sua textura caracter\u00edstica. \u00c9 que isso confortavelmente dosado quando podemos aquec\u00ea-lo e rapidamente se solidifica quando arrefece o produto.<\/p>\n<h3>Ventagens<\/h3>\n<p>Ao tratarse de um produto elaborado com as mesmas materias primas que utilizamos nas confeitarias tradicionais com a ventagens de que o produto est\u00e1 pronto para usarse, te evitamos os trastornos de quebrar os ovos, os processo de elabora\u00e7\u00e3o, e os peligros de contamina\u00e7\u00e3o etc. Tenha a total seguridade que trabalha con um produto que satisfaz com todas as normas de qualidade.<\/p>\n","protected":false},"featured_media":719,"template":"","meta":[],"product_cat":[44],"product_tag":[],"_links":{"self":[{"href":"https:\/\/solgi.com\/pt-br\/wp-json\/wp\/v2\/product\/707"}],"collection":[{"href":"https:\/\/solgi.com\/pt-br\/wp-json\/wp\/v2\/product"}],"about":[{"href":"https:\/\/solgi.com\/pt-br\/wp-json\/wp\/v2\/types\/product"}],"wp:featuredmedia":[{"embeddable":true,"href":"https:\/\/solgi.com\/pt-br\/wp-json\/wp\/v2\/media\/719"}],"wp:attachment":[{"href":"https:\/\/solgi.com\/pt-br\/wp-json\/wp\/v2\/media?parent=707"}],"wp:term":[{"taxonomy":"product_cat","embeddable":true,"href":"https:\/\/solgi.com\/pt-br\/wp-json\/wp\/v2\/product_cat?post=707"},{"taxonomy":"product_tag","embeddable":true,"href":"https:\/\/solgi.com\/pt-br\/wp-json\/wp\/v2\/product_tag?post=707"}],"curies":[{"name":"wp","href":"https:\/\/api.w.org\/{rel}","templated":true}]}}