{"id":735,"date":"2020-02-21T10:40:46","date_gmt":"2020-02-21T10:40:47","guid":{"rendered":"http:\/\/solgi.webtosell.es\/?post_type=product&#038;p=735"},"modified":"2020-04-06T07:13:39","modified_gmt":"2020-04-06T07:13:39","slug":"gema-blanda","status":"publish","type":"product","link":"https:\/\/solgi.com\/pt-br\/produto\/gema-blanda\/","title":{"rendered":"Gema Blanda"},"content":{"rendered":"<h3>Recomenda\u00e7\u00f5es para o uso.<\/h3>\n<p>Uma vez aberto o envase, retire do mesmo a quantidade que vai consumir em processo de fabrica\u00e7\u00e3o. O resto do produto devera cobrirlo com o papel parafinado para uma melhor conserva\u00e7\u00e3o.<br \/>\nTe recomendamos utilizar as boas pr\u00e1ticas de higiene i manipula\u00e7ao obligatorias com todos os alimentos em geral.<br \/>\nN\u00c3O NECESSITA REFRIGERA\u00c7\u00c3O, mesmo que recomenda almacenarlo em um lugar fresco i seco.<\/p>\n<h3>Presenta\u00e7\u00e3o.<\/h3>\n<p>Head-sealed baldes de pl\u00e1stico de 7 kg.<\/p>\n<h3>Informa\u00e7\u00e3o nutricional<\/h3>\n<p>(Com base em 100 gr.)<\/p>\n\n<table id=\"tablepress-9\" class=\"tablepress tablepress-id-9\">\n<tbody>\n<tr class=\"row-1 odd\">\n\t<td class=\"column-1\">Poder<\/td><td class=\"column-2\">378 kcal<\/td>\n<\/tr>\n<tr class=\"row-2 even\">\n\t<td class=\"column-1\">Graxas<\/td><td class=\"column-2\">13 g<\/td>\n<\/tr>\n<tr class=\"row-3 odd\">\n\t<td class=\"column-1\">Gorduras Sat<\/td><td class=\"column-2\">1.84 g<\/td>\n<\/tr>\n<tr class=\"row-4 even\">\n\t<td class=\"column-1\">Prote\u00edna<\/td><td class=\"column-2\">7.5 g<\/td>\n<\/tr>\n<tr class=\"row-5 odd\">\n\t<td class=\"column-1\">A\u00e7\u00facares<\/td><td class=\"column-2\">41 g<\/td>\n<\/tr>\n<tr class=\"row-6 even\">\n\t<td class=\"column-1\">Sal<\/td><td class=\"column-2\">0.125 g<\/td>\n<\/tr>\n<\/tbody>\n<\/table>\n<!-- #tablepress-9 from cache -->\n","protected":false},"excerpt":{"rendered":"<h3>Utiliza\u00e7\u00e3o.<\/h3>\n<p>A gema de ovo blanda e o produto tradicional eleborado a partir da gema de ovo, a\u00e7\u00facar i o xarope de glicose que se utiliza fundamentalmente em todas aquelas confeitarias que queren dar un toque de sofistica\u00e7\u00e3o i calidade a seus produtos.<br \/>\nF\u00e1cil aplica\u00e7\u00e3o mediante o uso da espatula o pastelaria devido a sua textura caracter\u00edstica.<br \/>\nE ressistente ao forno.<\/p>\n<h3>Ventagens.<\/h3>\n<p>Ao tratarse de um produto elaborado com as mesmas materias primas que utilizamos nas confeitarias tradicionais com a ventagens de que o produto est\u00e1 pronto para usarse, te evitamos os trastornos de quebrar os ovos, os processo de elabora\u00e7\u00e3o, e os peligros de contamina\u00e7\u00e3o etc.<br \/>\nTenha a total seguridade que trabalha con um produto que satisfaz com todas as normas de qualidade.<\/p>\n<h3><\/h3>\n","protected":false},"featured_media":739,"template":"","meta":[],"product_cat":[44],"product_tag":[],"_links":{"self":[{"href":"https:\/\/solgi.com\/pt-br\/wp-json\/wp\/v2\/product\/735"}],"collection":[{"href":"https:\/\/solgi.com\/pt-br\/wp-json\/wp\/v2\/product"}],"about":[{"href":"https:\/\/solgi.com\/pt-br\/wp-json\/wp\/v2\/types\/product"}],"wp:featuredmedia":[{"embeddable":true,"href":"https:\/\/solgi.com\/pt-br\/wp-json\/wp\/v2\/media\/739"}],"wp:attachment":[{"href":"https:\/\/solgi.com\/pt-br\/wp-json\/wp\/v2\/media?parent=735"}],"wp:term":[{"taxonomy":"product_cat","embeddable":true,"href":"https:\/\/solgi.com\/pt-br\/wp-json\/wp\/v2\/product_cat?post=735"},{"taxonomy":"product_tag","embeddable":true,"href":"https:\/\/solgi.com\/pt-br\/wp-json\/wp\/v2\/product_tag?post=735"}],"curies":[{"name":"wp","href":"https:\/\/api.w.org\/{rel}","templated":true}]}}