{"id":759,"date":"2020-02-21T11:05:39","date_gmt":"2020-02-21T11:05:39","guid":{"rendered":"http:\/\/solgi.webtosell.es\/?post_type=product&#038;p=759"},"modified":"2021-01-04T12:17:31","modified_gmt":"2021-01-04T12:17:31","slug":"gema-duro","status":"publish","type":"product","link":"https:\/\/solgi.com\/pt-br\/produto\/gema-duro\/","title":{"rendered":"Gema duro"},"content":{"rendered":"<h3>Recomenda\u00e7\u00f5es para o uso<\/h3>\n<p>Uma vez aberto o envase, retire do mesmo a quantidade que vai consumir em processo de fabrica\u00e7\u00e3o. O resto do produto devera cobrirlo com o papel parafinado para uma melhor conserva\u00e7\u00e3o. Te recomendamos utilizar as boas pr\u00e1ticas de higiene i manipula\u00e7\u00e3o obligatorias com todos os alimentos em geral.<\/p>\n<h3>Presenta\u00e7\u00e3o<\/h3>\n<p>Head-sealed baldes de pl\u00e1stico de 7 kg.<\/p>\n<h3>Informa\u00e7\u00e3o nutricional<\/h3>\n<p>(Com base em 100 gr.) \n<table id=\"tablepress-5\" class=\"tablepress tablepress-id-5\">\n<tbody>\n<tr class=\"row-1 odd\">\n\t<td class=\"column-1\">Poder<\/td><td class=\"column-2\">387 kcal<\/td>\n<\/tr>\n<tr class=\"row-2 even\">\n\t<td class=\"column-1\">Graxas<\/td><td class=\"column-2\">12.4 g<\/td>\n<\/tr>\n<\/tbody>\n<\/table>\n<!-- #tablepress-5 from cache --><\/p>\n","protected":false},"excerpt":{"rendered":"<h3>Utiliza\u00e7\u00e3o<\/h3>\n<p>A gema dura, \u00e9 um produto tradicional, feito a partir da gema do ovo, a\u00e7\u00facar e glucose xarope que \u00e9 usada principalmente como o preenchimento de todos os produtos de padaria que querem dar um toque de distin\u00e7\u00e3o e qualidade para seus elaborados.<\/p>\n<h3>Ventagens<\/h3>\n<p>Ao tratarse de um produto elaborado com as mesmas materias primas que utilizamos nas confeitarias tradicionais com a ventagens de que o produto est\u00e1 pronto para usarse, te evitamos os trastornos de quebrar os ovos, os processo de elabora\u00e7\u00e3o, e os peligros de contamina\u00e7\u00e3o etc. Tenha a total seguridade que trabalha con um produto que satisfaz com todas as normas de qualidade.<\/p>\n","protected":false},"featured_media":783,"template":"","meta":[],"product_cat":[44],"product_tag":[],"_links":{"self":[{"href":"https:\/\/solgi.com\/pt-br\/wp-json\/wp\/v2\/product\/759"}],"collection":[{"href":"https:\/\/solgi.com\/pt-br\/wp-json\/wp\/v2\/product"}],"about":[{"href":"https:\/\/solgi.com\/pt-br\/wp-json\/wp\/v2\/types\/product"}],"wp:featuredmedia":[{"embeddable":true,"href":"https:\/\/solgi.com\/pt-br\/wp-json\/wp\/v2\/media\/783"}],"wp:attachment":[{"href":"https:\/\/solgi.com\/pt-br\/wp-json\/wp\/v2\/media?parent=759"}],"wp:term":[{"taxonomy":"product_cat","embeddable":true,"href":"https:\/\/solgi.com\/pt-br\/wp-json\/wp\/v2\/product_cat?post=759"},{"taxonomy":"product_tag","embeddable":true,"href":"https:\/\/solgi.com\/pt-br\/wp-json\/wp\/v2\/product_tag?post=759"}],"curies":[{"name":"wp","href":"https:\/\/api.w.org\/{rel}","templated":true}]}}