{"id":792,"date":"2020-02-21T12:24:01","date_gmt":"2020-02-21T12:24:01","guid":{"rendered":"http:\/\/solgi.webtosell.es\/?post_type=product&#038;p=792"},"modified":"2021-01-04T12:18:18","modified_gmt":"2021-01-04T12:18:18","slug":"doce-de-leite-pastelaria","status":"publish","type":"product","link":"https:\/\/solgi.com\/pt-br\/produto\/doce-de-leite-pastelaria\/","title":{"rendered":"Doce de Leite Pastelaria"},"content":{"rendered":"<h3>Recomenda\u00e7\u00f5es de uso<\/h3>\n<p>Uma vez aberto o recipiente, retire dele a quantidade que vai consumir no processo de fabrica\u00e7\u00e3o. O restante do produto deve ser coberto com papel manteiga para melhor conserva\u00e7\u00e3o.<\/p>\n<p>Recomendamos que voc\u00ea use boas pr\u00e1ticas de higiene e manuseio obrigat\u00f3rias com todos os alimentos em geral.<\/p>\n<p>N\u00c3O PRECISA DE REFRIGERA\u00c7\u00c3O, embora seja recomend\u00e1vel guard\u00e1-lo em local fresco e seco.<\/p>\n<h3>Presenta\u00e7\u00e3o<\/h3>\n<p>Baldes de pl\u00e1stico termosselados de: 1kg (caixa com 6 unidades); 6,5 kg<\/p>\n<h3>Informa\u00e7\u00e3o nutricional<\/h3>\n<p>(Com base em 100 gr.) \n<table id=\"tablepress-185\" class=\"tablepress tablepress-id-185\">\n<tbody>\n<tr class=\"row-1 odd\">\n\t<td class=\"column-1\">Poder<\/td><td class=\"column-2\">399 kcal<\/td>\n<\/tr>\n<tr class=\"row-2 even\">\n\t<td class=\"column-1\">Graxas<\/td><td class=\"column-2\">21.7 g<\/td>\n<\/tr>\n<tr class=\"row-3 odd\">\n\t<td class=\"column-1\">Gorduras Sat<\/td><td class=\"column-2\">12,37 g<\/td>\n<\/tr>\n<tr class=\"row-4 even\">\n\t<td class=\"column-1\">Prote\u00edna<\/td><td class=\"column-2\">3,28 g<\/td>\n<\/tr>\n<tr class=\"row-5 odd\">\n\t<td class=\"column-1\">A\u00e7\u00facares<\/td><td class=\"column-2\">40,4 g<\/td>\n<\/tr>\n<tr class=\"row-6 even\">\n\t<td class=\"column-1\">Fibra<\/td><td class=\"column-2\"><1<\/td>\n<\/tr>\n<tr class=\"row-7 odd\">\n\t<td class=\"column-1\">Sal<\/td><td class=\"column-2\">0,22<\/td>\n<\/tr>\n<\/tbody>\n<\/table>\n<!-- #tablepress-185 from cache --><\/p>\n","protected":false},"excerpt":{"rendered":"<h3>Utiliza\u00e7\u00e3o<\/h3>\n<p>Dulce de leche \u00e9 um produto t\u00edpico da pastelaria tradicional \u00e0 base de leite em p\u00f3 integral e a\u00e7\u00facar. Devido a sua grande versatilidade no segmento de doces, seu consumo se espalhou por diversos pa\u00edses do planeta. \u00c9 utilizado tanto na decora\u00e7\u00e3o de bolos ou recheios com chocolates, quanto na confec\u00e7\u00e3o de petiscos. O doce de leite \u00e9 um produto cada vez mais procurado pelas pessoas. F\u00e1cil aplica\u00e7\u00e3o em palete ou manga devido \u00e0 sua textura caracter\u00edstica.<\/p>\n<h3>Ventagens<\/h3>\n<p>Por se tratar de um produto elaborado com as mesmas mat\u00e9rias-primas utilizadas nas pastelarias tradicionais e com a vantagem de o produto estar pronto a utilizar, evitamos os problemas da prepara\u00e7\u00e3o, do processo de confec\u00e7\u00e3o, dos perigos de contamina\u00e7\u00e3o etc. Tenha certeza de que est\u00e1 trabalhando com um produto que cumpre todos os regulamentos de qualidade<\/p>\n","protected":false},"featured_media":3671,"template":"","meta":[],"product_cat":[50],"product_tag":[],"_links":{"self":[{"href":"https:\/\/solgi.com\/pt-br\/wp-json\/wp\/v2\/product\/792"}],"collection":[{"href":"https:\/\/solgi.com\/pt-br\/wp-json\/wp\/v2\/product"}],"about":[{"href":"https:\/\/solgi.com\/pt-br\/wp-json\/wp\/v2\/types\/product"}],"wp:featuredmedia":[{"embeddable":true,"href":"https:\/\/solgi.com\/pt-br\/wp-json\/wp\/v2\/media\/3671"}],"wp:attachment":[{"href":"https:\/\/solgi.com\/pt-br\/wp-json\/wp\/v2\/media?parent=792"}],"wp:term":[{"taxonomy":"product_cat","embeddable":true,"href":"https:\/\/solgi.com\/pt-br\/wp-json\/wp\/v2\/product_cat?post=792"},{"taxonomy":"product_tag","embeddable":true,"href":"https:\/\/solgi.com\/pt-br\/wp-json\/wp\/v2\/product_tag?post=792"}],"curies":[{"name":"wp","href":"https:\/\/api.w.org\/{rel}","templated":true}]}}