{"id":824,"date":"2020-02-21T12:38:15","date_gmt":"2020-02-21T12:38:16","guid":{"rendered":"http:\/\/solgi.webtosell.es\/?post_type=product&#038;p=824"},"modified":"2021-01-04T12:19:26","modified_gmt":"2021-01-04T12:19:26","slug":"doce-de-leite-sorvete","status":"publish","type":"product","link":"https:\/\/solgi.com\/pt-br\/produto\/doce-de-leite-sorvete\/","title":{"rendered":"Doce de Leite Sorvete"},"content":{"rendered":"<h3>Recomenda\u00e7\u00f5es para o uso<\/h3>\n<p>Uma vez aberto o recipiente, retire dele a quantidade que vai consumir no processo de fabrica\u00e7\u00e3o. O restante do produto deve ser coberto com papel manteiga para melhor conserva\u00e7\u00e3o. Recomendamos que voc\u00ea use boas pr\u00e1ticas de higiene e manuseio obrigat\u00f3rias com todos os alimentos em geral. N\u00c3O PRECISA DE REFRIGERA\u00c7\u00c3O, embora seja recomend\u00e1vel guard\u00e1-lo em local fresco e seco.<\/p>\n<h3>Presenta\u00e7\u00e3o<\/h3>\n<p>Baldes de pl\u00e1stico de 6,5 kg selados a quente<\/p>\n<h3>Informa\u00e7\u00e3o nutricional<\/h3>\n<p>(Com base em 100 gr.) \n<table id=\"tablepress-181\" class=\"tablepress tablepress-id-181\">\n<tbody>\n<tr class=\"row-1 odd\">\n\t<td class=\"column-1\">Poder<\/td><td class=\"column-2\">\t301 kcal<\/td>\n<\/tr>\n<tr class=\"row-2 even\">\n\t<td class=\"column-1\">Graxas<\/td><td class=\"column-2\">\t2.5 g<\/td>\n<\/tr>\n<tr class=\"row-3 odd\">\n\t<td class=\"column-1\">Gorduras Sat<\/td><td class=\"column-2\">1.66 g<\/td>\n<\/tr>\n<tr class=\"row-4 even\">\n\t<td class=\"column-1\">Prote\u00edna<\/td><td class=\"column-2\">7.63 g<\/td>\n<\/tr>\n<tr class=\"row-5 odd\">\n\t<td class=\"column-1\">A\u00e7\u00facares<\/td><td class=\"column-2\">56.5 g<\/td>\n<\/tr>\n<tr class=\"row-6 even\">\n\t<td class=\"column-1\">Sal<\/td><td class=\"column-2\">0.35 g<\/td>\n<\/tr>\n<\/tbody>\n<\/table>\n<\/p>\n","protected":false},"excerpt":{"rendered":"<h3>Utiliza\u00e7\u00e3o<\/h3>\n<p>Dulce de leche \u00e9 um produto t\u00edpico da pastelaria tradicional feita com leite integral fresco e a\u00e7\u00facar.<br \/>\nDevido a sua grande versatilidade no segmento de doces, seu consumo se espalhou por diversos pa\u00edses do planeta. \u00c9 usado principalmente para fazer sorvete.<br \/>\nO doce de leite \u00e9 um produto cada vez mais procurado pelas pessoas.<br \/>\nF\u00e1cil aplica\u00e7\u00e3o em palete ou manga devido \u00e0 sua textura caracter\u00edstica.<\/p>\n<h3>Vantagem<\/h3>\n<p>Por se tratar de um produto elaborado com as mesmas mat\u00e9rias-primas utilizadas nas pastelarias tradicionais e com a vantagem de o produto estar pronto a utilizar, evitamos os transtornos da prepara\u00e7\u00e3o, do processo de confeitaria, dos perigos de contamina\u00e7\u00e3o. etc.<br \/>\nFique tranquilo, pois voc\u00ea est\u00e1 trabalhando com um produto que cumpre todos os regulamentos de qualidade.<\/p>\n","protected":false},"featured_media":3675,"template":"","meta":[],"product_cat":[50],"product_tag":[],"_links":{"self":[{"href":"https:\/\/solgi.com\/pt-br\/wp-json\/wp\/v2\/product\/824"}],"collection":[{"href":"https:\/\/solgi.com\/pt-br\/wp-json\/wp\/v2\/product"}],"about":[{"href":"https:\/\/solgi.com\/pt-br\/wp-json\/wp\/v2\/types\/product"}],"wp:featuredmedia":[{"embeddable":true,"href":"https:\/\/solgi.com\/pt-br\/wp-json\/wp\/v2\/media\/3675"}],"wp:attachment":[{"href":"https:\/\/solgi.com\/pt-br\/wp-json\/wp\/v2\/media?parent=824"}],"wp:term":[{"taxonomy":"product_cat","embeddable":true,"href":"https:\/\/solgi.com\/pt-br\/wp-json\/wp\/v2\/product_cat?post=824"},{"taxonomy":"product_tag","embeddable":true,"href":"https:\/\/solgi.com\/pt-br\/wp-json\/wp\/v2\/product_tag?post=824"}],"curies":[{"name":"wp","href":"https:\/\/api.w.org\/{rel}","templated":true}]}}