{"id":890,"date":"2020-02-24T11:25:34","date_gmt":"2020-02-24T11:25:34","guid":{"rendered":"http:\/\/solgi.webtosell.es\/?post_type=product&#038;p=890"},"modified":"2021-01-04T11:22:55","modified_gmt":"2021-01-04T11:22:55","slug":"turron-em-pasta-68-granulado-ou-refinado","status":"publish","type":"product","link":"https:\/\/solgi.com\/pt-br\/produto\/turron-em-pasta-68-granulado-ou-refinado\/","title":{"rendered":"Turr\u00f3n em Pasta 68% Granulado ou Refinado"},"content":{"rendered":"<h3>Recomenda\u00e7\u00f5es para o uso<\/h3>\n<p>Por seu sabor e textura, o turr\u00f3n em pasta \u00e9 muito vers\u00e1til. Pode ser usado para sobremesa, pav\u00e9, mousses, cremes etc. Embora n\u00e3o seja estritamente necessario e seguindo as boas praticas de manipula\u00e7\u00e3o, recomendamos que, uma vez aberto o envase, mantenha-o bem fechado i refrigerado at\u00e9 o consumo final.<\/p>\n<h3>Presenta\u00e7\u00e3o<\/h3>\n<p>Balde de 12 kg<\/p>\n<h3>Informa\u00e7\u00e3o nutricional<\/h3>\n<p>(Com base em 100 gr.) \n<table id=\"tablepress-46\" class=\"tablepress tablepress-id-46\">\n<tbody>\n<tr class=\"row-1 odd\">\n\t<td class=\"column-1\">Poder<\/td><td class=\"column-2\">565 kcal<br \/>\n<br \/>\n<\/td>\n<\/tr>\n<tr class=\"row-2 even\">\n\t<td class=\"column-1\">Graxas<\/td><td class=\"column-2\">41 g<br \/>\n<\/td>\n<\/tr>\n<tr class=\"row-3 odd\">\n\t<td class=\"column-1\">Gorduras Sat<\/td><td class=\"column-2\">3.5 g<br \/>\n<br \/>\n<\/td>\n<\/tr>\n<tr class=\"row-4 even\">\n\t<td class=\"column-1\">Prote\u00edna<\/td><td class=\"column-2\">16 g<br \/>\n<\/td>\n<\/tr>\n<tr class=\"row-5 odd\">\n\t<td class=\"column-1\">A\u00e7\u00facares<\/td><td class=\"column-2\">28 g<br \/>\n<\/td>\n<\/tr>\n<tr class=\"row-6 even\">\n\t<td class=\"column-1\">Sal<\/td><td class=\"column-2\">\t0.02 g<\/td>\n<\/tr>\n<\/tbody>\n<\/table>\n<!-- #tablepress-46 from cache --><\/p>\n","protected":false},"excerpt":{"rendered":"<h3>Utiliza\u00e7\u00e3o<\/h3>\n<p>O turr\u00f3n em pasta \u00e9 um produto feito com am\u00eandoa com um porcentagem de 68%, mel i a\u00e7\u00facar. Por sua artesana elabora\u00e7\u00e3o nosso turr\u00f3n em pasta tem uma grande cremosidade e mant\u00e9m a cor e sabor t\u00edpico de um bom turr\u00f3n de natal.<\/p>\n<h3>Ventagens<\/h3>\n<p>Ao tratarse de um produto elaborado com as mesmas materias primas que utilizamos nas padarias tradicionais com a ventagens de que o produto est\u00e1 pronto para usarse, te evitamos os trastornos de elabora\u00e7\u00e3o, e os peligros de contamina\u00e7\u00e3o etc. Tenha a total seguridade que trabalha con um produto que cumpre com todas as normas de qualidade.Por seu sabor e textura, o turr\u00f3n em pasta \u00e9 muito vers\u00e1til. Pode ser usado para sobremesa, pav\u00e9, mousses, cremes etc. Embora n\u00e3o seja estritamente necessario e seguindo as boas praticas de manipula\u00e7\u00e3o, recomendamos que, uma vez aberto o envase, mantenha-o bem fechado i refrigerado at\u00e9 o consumo final.<\/p>\n","protected":false},"featured_media":3701,"template":"","meta":[],"product_cat":[55],"product_tag":[],"_links":{"self":[{"href":"https:\/\/solgi.com\/pt-br\/wp-json\/wp\/v2\/product\/890"}],"collection":[{"href":"https:\/\/solgi.com\/pt-br\/wp-json\/wp\/v2\/product"}],"about":[{"href":"https:\/\/solgi.com\/pt-br\/wp-json\/wp\/v2\/types\/product"}],"wp:featuredmedia":[{"embeddable":true,"href":"https:\/\/solgi.com\/pt-br\/wp-json\/wp\/v2\/media\/3701"}],"wp:attachment":[{"href":"https:\/\/solgi.com\/pt-br\/wp-json\/wp\/v2\/media?parent=890"}],"wp:term":[{"taxonomy":"product_cat","embeddable":true,"href":"https:\/\/solgi.com\/pt-br\/wp-json\/wp\/v2\/product_cat?post=890"},{"taxonomy":"product_tag","embeddable":true,"href":"https:\/\/solgi.com\/pt-br\/wp-json\/wp\/v2\/product_tag?post=890"}],"curies":[{"name":"wp","href":"https:\/\/api.w.org\/{rel}","templated":true}]}}