{"id":990,"date":"2020-02-24T12:58:11","date_gmt":"2020-02-24T12:58:11","guid":{"rendered":"http:\/\/solgi.webtosell.es\/?post_type=product&#038;p=990"},"modified":"2021-01-04T11:36:15","modified_gmt":"2021-01-04T11:36:15","slug":"turrone-duro","status":"publish","type":"product","link":"https:\/\/solgi.com\/pt-br\/produto\/turrone-duro\/","title":{"rendered":"Turrone duro"},"content":{"rendered":"<h3>Recomenda\u00e7\u00f5es para o uso<\/h3>\n<p>Este torrone, deve ser mantido em um local protegido da luz solar, limpa, fresca e seca, evitando mudan\u00e7as bruscas de temperatura e umidade.<\/p>\n<h3>Presenta\u00e7\u00e3o<\/h3>\n<p>Saco de 300g. Bloco de 6 kg.<\/p>\n<h3>Informa\u00e7\u00e3o nutricional<\/h3>\n<p>(Com base em 100 gr.) \n<table id=\"tablepress-58\" class=\"tablepress tablepress-id-58\">\n<tbody>\n<tr class=\"row-1 odd\">\n\t<td class=\"column-1\">Poder<\/td><td class=\"column-2\">553 kcal<\/td>\n<\/tr>\n<tr class=\"row-2 even\">\n\t<td class=\"column-1\">Graxas<\/td><td class=\"column-2\">35.3 g<\/td>\n<\/tr>\n<tr class=\"row-3 odd\">\n\t<td class=\"column-1\">Gorduras Sat<\/td><td class=\"column-2\">3.49 g<\/td>\n<\/tr>\n<tr class=\"row-4 even\">\n\t<td class=\"column-1\">Prote\u00edna<\/td><td class=\"column-2\">15 g<\/td>\n<\/tr>\n<tr class=\"row-5 odd\">\n\t<td class=\"column-1\">A\u00e7\u00facares<\/td><td class=\"column-2\">40.4 g<\/td>\n<\/tr>\n<tr class=\"row-6 even\">\n\t<td class=\"column-1\">Sal<\/td><td class=\"column-2\">0.05 g<\/td>\n<\/tr>\n<\/tbody>\n<\/table>\n<!-- #tablepress-58 from cache --><\/p>\n","protected":false},"excerpt":{"rendered":"<h3>Utiliza\u00e7\u00e3o<\/h3>\n<p>Nossa excelente torrone \u00e9 feita a partir de uma cuidadosa sele\u00e7\u00e3o de am\u00eandoas e a\u00e7\u00facar. Em seu processo de prepara\u00e7\u00e3o e empacotamento controle cada detalhe para garantir um torrone de curso de alta qualidade, cumprindo as melhores condi\u00e7\u00f5es de qualidade e higiene.<\/p>\n<h3>Ventagens<\/h3>\n<p>H\u00e1, portanto, condi\u00e7\u00f5es especiais de trabalho, mas as simples necessidades de cada consumidor-uso.<\/p>\n","protected":false},"featured_media":3722,"template":"","meta":[],"product_cat":[58],"product_tag":[],"_links":{"self":[{"href":"https:\/\/solgi.com\/pt-br\/wp-json\/wp\/v2\/product\/990"}],"collection":[{"href":"https:\/\/solgi.com\/pt-br\/wp-json\/wp\/v2\/product"}],"about":[{"href":"https:\/\/solgi.com\/pt-br\/wp-json\/wp\/v2\/types\/product"}],"wp:featuredmedia":[{"embeddable":true,"href":"https:\/\/solgi.com\/pt-br\/wp-json\/wp\/v2\/media\/3722"}],"wp:attachment":[{"href":"https:\/\/solgi.com\/pt-br\/wp-json\/wp\/v2\/media?parent=990"}],"wp:term":[{"taxonomy":"product_cat","embeddable":true,"href":"https:\/\/solgi.com\/pt-br\/wp-json\/wp\/v2\/product_cat?post=990"},{"taxonomy":"product_tag","embeddable":true,"href":"https:\/\/solgi.com\/pt-br\/wp-json\/wp\/v2\/product_tag?post=990"}],"curies":[{"name":"wp","href":"https:\/\/api.w.org\/{rel}","templated":true}]}}